{"id":4367,"date":"2023-09-22T10:56:21","date_gmt":"2023-09-22T08:56:21","guid":{"rendered":"https:\/\/dev.aipem.it\/minini\/anwendungsbereiche\/waschraum\/"},"modified":"2024-10-28T13:37:48","modified_gmt":"2024-10-28T13:37:48","slug":"waschraum","status":"publish","type":"page","link":"https:\/\/www.minini.eu\/de\/anwendungsbereiche\/waschraum\/","title":{"rendered":"Waschraum"},"content":{"rendered":"\t\t<div data-elementor-type=\"wp-page\" data-elementor-id=\"4367\" class=\"elementor elementor-4367 elementor-1212\" data-elementor-post-type=\"page\">\n\t\t\t\t\t\t<section class=\"elementor-section elementor-top-section elementor-element elementor-element-73c632d elementor-section-height-min-height elementor-section-boxed elementor-section-height-default elementor-section-items-middle\" data-id=\"73c632d\" data-element_type=\"section\" data-settings=\"{&quot;background_background&quot;:&quot;classic&quot;}\">\n\t\t\t\t\t\t<div class=\"elementor-container elementor-column-gap-default\">\n\t\t\t\t\t<div class=\"elementor-column elementor-col-50 elementor-top-column elementor-element elementor-element-6330ddf\" data-id=\"6330ddf\" data-element_type=\"column\">\n\t\t\t<div class=\"elementor-widget-wrap elementor-element-populated\">\n\t\t\t\t\t\t<div class=\"elementor-element elementor-element-ea3eaff elementor-widget__width-initial elementor-widget elementor-widget-heading\" data-id=\"ea3eaff\" data-element_type=\"widget\" data-widget_type=\"heading.default\">\n\t\t\t\t<div class=\"elementor-widget-container\">\n\t\t\t<h1 class=\"elementor-heading-title elementor-size-default\">WASCHRAUM<\/h1>\t\t<\/div>\n\t\t\t\t<\/div>\n\t\t\t\t\t<\/div>\n\t\t<\/div>\n\t\t\t\t<div class=\"elementor-column elementor-col-50 elementor-top-column elementor-element elementor-element-6d6c509\" data-id=\"6d6c509\" data-element_type=\"column\">\n\t\t\t<div class=\"elementor-widget-wrap\">\n\t\t\t\t\t\t\t<\/div>\n\t\t<\/div>\n\t\t\t\t\t<\/div>\n\t\t<\/section>\n\t\t\t\t<section class=\"elementor-section elementor-top-section elementor-element elementor-element-d1bbc4b elementor-section-boxed elementor-section-height-default elementor-section-height-default\" data-id=\"d1bbc4b\" data-element_type=\"section\">\n\t\t\t\t\t\t<div class=\"elementor-container elementor-column-gap-default\">\n\t\t\t\t\t<div class=\"elementor-column elementor-col-50 elementor-top-column elementor-element elementor-element-16f6677\" data-id=\"16f6677\" data-element_type=\"column\">\n\t\t\t<div class=\"elementor-widget-wrap elementor-element-populated\">\n\t\t\t\t\t\t<div class=\"elementor-element elementor-element-2b5b19d elementor-widget elementor-widget-heading\" data-id=\"2b5b19d\" data-element_type=\"widget\" data-widget_type=\"heading.default\">\n\t\t\t\t<div class=\"elementor-widget-container\">\n\t\t\t<h2 class=\"elementor-heading-title elementor-size-default\">Komfort und Sicherheit<\/h2>\t\t<\/div>\n\t\t\t\t<\/div>\n\t\t\t\t\t<\/div>\n\t\t<\/div>\n\t\t\t\t<div class=\"elementor-column elementor-col-50 elementor-top-column elementor-element elementor-element-f6cb219\" data-id=\"f6cb219\" data-element_type=\"column\">\n\t\t\t<div class=\"elementor-widget-wrap elementor-element-populated\">\n\t\t\t\t\t\t<div class=\"elementor-element elementor-element-ddc5040 elementor-widget elementor-widget-text-editor\" data-id=\"ddc5040\" data-element_type=\"widget\" data-widget_type=\"text-editor.default\">\n\t\t\t\t<div class=\"elementor-widget-container\">\n\t\t\t\t\t\t\t<p>Von Unterkunftseinrichtungen bis zu Arbeitspl\u00e4tzen sind Waschr\u00e4ume hoch frequentierte Bereiche, in allen Sektoren vorhanden. Ob in Hotels, B\u00fcros, Kaufh\u00e4usern oder Restaurants ist die Anzahl der Besucher sehr hoch.<\/p>\n<p>Mit einer umfassenden und umweltfreundlichen <strong>Auswahl f\u00fcr den professionellen Bereich an Toilettenpapier, Kosmetik- und Handt\u00fcchern, Spendern und Zubeh\u00f6r sowie Vliest\u00fcchern f\u00fcr die K\u00f6rperpflege und Reinigung von Oberfl\u00e4chen werden alle Bed\u00fcrfnisse gedeckt. <\/strong><\/p>\n\t\t\t\t\t\t<\/div>\n\t\t\t\t<\/div>\n\t\t\t\t\t<\/div>\n\t\t<\/div>\n\t\t\t\t\t<\/div>\n\t\t<\/section>\n\t\t\t\t<section class=\"elementor-section elementor-top-section elementor-element elementor-element-e10ecf3 elementor-hidden-desktop elementor-hidden-tablet elementor-hidden-mobile elementor-section-boxed elementor-section-height-default elementor-section-height-default\" data-id=\"e10ecf3\" data-element_type=\"section\" data-settings=\"{&quot;background_background&quot;:&quot;classic&quot;}\">\n\t\t\t\t\t\t<div class=\"elementor-container elementor-column-gap-default\">\n\t\t\t\t\t<div class=\"elementor-column elementor-col-50 elementor-top-column elementor-element elementor-element-8029284\" data-id=\"8029284\" data-element_type=\"column\">\n\t\t\t<div class=\"elementor-widget-wrap elementor-element-populated\">\n\t\t\t\t\t\t<div class=\"elementor-element elementor-element-dbe845d elementor-widget elementor-widget-image\" data-id=\"dbe845d\" data-element_type=\"widget\" data-widget_type=\"image.default\">\n\t\t\t\t<div class=\"elementor-widget-container\">\n\t\t\t\t\t\t\t\t\t\t\t\t\t<img fetchpriority=\"high\" decoding=\"async\" width=\"800\" height=\"556\" src=\"https:\/\/www.minini.eu\/wp-content\/uploads\/2023\/09\/CELTEX-C72121_904X628.jpg\" class=\"attachment-large size-large wp-image-1241\" alt=\"\" srcset=\"https:\/\/www.minini.eu\/wp-content\/uploads\/2023\/09\/CELTEX-C72121_904X628.jpg 904w, https:\/\/www.minini.eu\/wp-content\/uploads\/2023\/09\/CELTEX-C72121_904X628-300x208.jpg 300w, https:\/\/www.minini.eu\/wp-content\/uploads\/2023\/09\/CELTEX-C72121_904X628-768x534.jpg 768w\" sizes=\"(max-width: 800px) 100vw, 800px\" \/>\t\t\t\t\t\t\t\t\t\t\t\t\t<\/div>\n\t\t\t\t<\/div>\n\t\t\t\t\t<\/div>\n\t\t<\/div>\n\t\t\t\t<div class=\"elementor-column elementor-col-50 elementor-top-column elementor-element elementor-element-272b51f\" data-id=\"272b51f\" data-element_type=\"column\">\n\t\t\t<div class=\"elementor-widget-wrap elementor-element-populated\">\n\t\t\t\t\t\t<div class=\"elementor-element elementor-element-b28765b elementor-widget elementor-widget-heading\" data-id=\"b28765b\" data-element_type=\"widget\" data-widget_type=\"heading.default\">\n\t\t\t\t<div class=\"elementor-widget-container\">\n\t\t\t<h2 class=\"elementor-heading-title elementor-size-default\">V Trend \u2013 Das V-Falz Handtuch<\/h2>\t\t<\/div>\n\t\t\t\t<\/div>\n\t\t\t\t<div class=\"elementor-element elementor-element-783803f elementor-widget elementor-widget-text-editor\" data-id=\"783803f\" data-element_type=\"widget\" data-widget_type=\"text-editor.default\">\n\t\t\t\t<div class=\"elementor-widget-container\">\n\t\t\t\t\t\t\t<p>Wenn Sie auf der Suche nach der Weichheit vom Tissue-Papier und der einzigartigen Eleganz der Pr\u00e4gung sind, probieren Sie das Handtuch <strong> V TREND <\/strong> mit V-Falz. Diese Eigenschaften optimieren die Leistung des Handtuchs bei einer hohen Saugf\u00e4higkeit und idealen Festigkeit, immer mit Blick auf die Kosten. Das V Trend verleiht dem Raum den Hauch, der Ihre Kundschaft begeistern wird.<\/p>\n\t\t\t\t\t\t<\/div>\n\t\t\t\t<\/div>\n\t\t\t\t<div class=\"elementor-element elementor-element-5ee7ddc elementor-widget elementor-widget-button\" data-id=\"5ee7ddc\" data-element_type=\"widget\" data-widget_type=\"button.default\">\n\t\t\t\t<div class=\"elementor-widget-container\">\n\t\t\t\t\t<div class=\"elementor-button-wrapper\">\n\t\t\t<a class=\"elementor-button elementor-button-link elementor-size-sm\" href=\"#\">\n\t\t\t\t\t\t<span class=\"elementor-button-content-wrapper\">\n\t\t\t\t\t\t\t\t\t<span class=\"elementor-button-text\">Zum Produktdatenblatt<\/span>\n\t\t\t\t\t<\/span>\n\t\t\t\t\t<\/a>\n\t\t<\/div>\n\t\t\t\t<\/div>\n\t\t\t\t<\/div>\n\t\t\t\t\t<\/div>\n\t\t<\/div>\n\t\t\t\t\t<\/div>\n\t\t<\/section>\n\t\t\t\t<section class=\"elementor-section elementor-top-section elementor-element elementor-element-9b96e3c elementor-section-boxed elementor-section-height-default elementor-section-height-default\" data-id=\"9b96e3c\" data-element_type=\"section\" data-settings=\"{&quot;background_background&quot;:&quot;classic&quot;}\">\n\t\t\t\t\t\t<div class=\"elementor-container elementor-column-gap-default\">\n\t\t\t\t\t<div class=\"elementor-column elementor-col-33 elementor-top-column elementor-element elementor-element-ed38b3b\" data-id=\"ed38b3b\" data-element_type=\"column\">\n\t\t\t<div class=\"elementor-widget-wrap elementor-element-populated\">\n\t\t\t\t\t\t<div class=\"elementor-element elementor-element-d260f61 elementor-widget elementor-widget-heading\" data-id=\"d260f61\" data-element_type=\"widget\" data-widget_type=\"heading.default\">\n\t\t\t\t<div class=\"elementor-widget-container\">\n\t\t\t<h2 class=\"elementor-heading-title elementor-size-default\">Minini solutions<\/h2>\t\t<\/div>\n\t\t\t\t<\/div>\n\t\t\t\t<div class=\"elementor-element elementor-element-178bb6f elementor-widget-divider--view-line elementor-widget elementor-widget-divider\" data-id=\"178bb6f\" data-element_type=\"widget\" data-widget_type=\"divider.default\">\n\t\t\t\t<div class=\"elementor-widget-container\">\n\t\t\t\t\t<div class=\"elementor-divider\">\n\t\t\t<span class=\"elementor-divider-separator\">\n\t\t\t\t\t\t<\/span>\n\t\t<\/div>\n\t\t\t\t<\/div>\n\t\t\t\t<\/div>\n\t\t\t\t<div class=\"elementor-element elementor-element-6993344 elementor-widget elementor-widget-text-editor\" data-id=\"6993344\" data-element_type=\"widget\" data-widget_type=\"text-editor.default\">\n\t\t\t\t<div class=\"elementor-widget-container\">\n\t\t\t\t\t\t\t<p><strong>Alles aus einem Lieferanten mit den h\u00f6chsten Qualit\u00e4tsanspr\u00fcchen f\u00fcr die verschiedenen Anforderungen an den Waschraumbereich.<\/strong> Wir bieten <strong>gezielte und speziell entwickelte professionelle L\u00f6sungen <\/strong> an, die die hohe Anzahl von Besuchern, wesentlichen hygienischen und optischen Anforderungen, Abmessungen und Verwendungsweise dieser Umgebung ber\u00fccksichtigen.<\/p>\n<p><strong>Handt\u00fccher, Toilettenpapier, Spender und Nachf\u00fcllungen, Kosmetikt\u00fccher.<\/strong><\/p>\n\t\t\t\t\t\t<\/div>\n\t\t\t\t<\/div>\n\t\t\t\t\t<\/div>\n\t\t<\/div>\n\t\t\t\t<div class=\"elementor-column elementor-col-33 elementor-top-column elementor-element elementor-element-4e6564b\" data-id=\"4e6564b\" data-element_type=\"column\">\n\t\t\t<div class=\"elementor-widget-wrap elementor-element-populated\">\n\t\t\t\t\t\t<div class=\"elementor-element elementor-element-0c591fb elementor-widget__width-initial elementor-widget elementor-widget-image\" data-id=\"0c591fb\" data-element_type=\"widget\" data-widget_type=\"image.default\">\n\t\t\t\t<div class=\"elementor-widget-container\">\n\t\t\t\t\t\t\t\t\t\t\t\t\t<img decoding=\"async\" width=\"445\" height=\"400\" src=\"https:\/\/www.minini.eu\/wp-content\/uploads\/2023\/09\/DSC8202-ridef.jpg\" class=\"attachment-large size-large wp-image-1296\" alt=\"\" srcset=\"https:\/\/www.minini.eu\/wp-content\/uploads\/2023\/09\/DSC8202-ridef.jpg 445w, https:\/\/www.minini.eu\/wp-content\/uploads\/2023\/09\/DSC8202-ridef-300x270.jpg 300w\" sizes=\"(max-width: 445px) 100vw, 445px\" \/>\t\t\t\t\t\t\t\t\t\t\t\t\t<\/div>\n\t\t\t\t<\/div>\n\t\t\t\t\t<\/div>\n\t\t<\/div>\n\t\t\t\t<div class=\"elementor-column elementor-col-33 elementor-top-column elementor-element elementor-element-d1b8fca\" data-id=\"d1b8fca\" data-element_type=\"column\">\n\t\t\t<div class=\"elementor-widget-wrap elementor-element-populated\">\n\t\t\t\t\t\t<div class=\"elementor-element elementor-element-5738c54 elementor-widget__width-initial elementor-widget elementor-widget-image\" data-id=\"5738c54\" data-element_type=\"widget\" data-widget_type=\"image.default\">\n\t\t\t\t<div class=\"elementor-widget-container\">\n\t\t\t\t\t\t\t\t\t\t\t\t\t<img decoding=\"async\" src=\"https:\/\/minini.eu\/wp-content\/uploads\/2023\/09\/DSC8123-ritocc-scaled-e1695385635427.jpg\" title=\"\" alt=\"\" loading=\"lazy\" \/>\t\t\t\t\t\t\t\t\t\t\t\t\t<\/div>\n\t\t\t\t<\/div>\n\t\t\t\t\t<\/div>\n\t\t<\/div>\n\t\t\t\t\t<\/div>\n\t\t<\/section>\n\t\t\t\t<section class=\"elementor-section elementor-top-section elementor-element elementor-element-4303543 elementor-section-boxed elementor-section-height-default elementor-section-height-default\" data-id=\"4303543\" data-element_type=\"section\">\n\t\t\t\t\t\t<div class=\"elementor-container elementor-column-gap-default\">\n\t\t\t\t\t<div class=\"elementor-column elementor-col-100 elementor-top-column elementor-element elementor-element-ed9ac87\" data-id=\"ed9ac87\" data-element_type=\"column\">\n\t\t\t<div class=\"elementor-widget-wrap elementor-element-populated\">\n\t\t\t\t\t\t<div class=\"elementor-element elementor-element-0af139a elementor-widget elementor-widget-heading\" data-id=\"0af139a\" data-element_type=\"widget\" data-widget_type=\"heading.default\">\n\t\t\t\t<div class=\"elementor-widget-container\">\n\t\t\t<h2 class=\"elementor-heading-title elementor-size-default\">Die Vorteile des Minini Angebots<\/h2>\t\t<\/div>\n\t\t\t\t<\/div>\n\t\t\t\t<div class=\"elementor-element elementor-element-3d424fc elementor-widget-divider--view-line elementor-widget elementor-widget-divider\" data-id=\"3d424fc\" data-element_type=\"widget\" data-widget_type=\"divider.default\">\n\t\t\t\t<div class=\"elementor-widget-container\">\n\t\t\t\t\t<div class=\"elementor-divider\">\n\t\t\t<span class=\"elementor-divider-separator\">\n\t\t\t\t\t\t<\/span>\n\t\t<\/div>\n\t\t\t\t<\/div>\n\t\t\t\t<\/div>\n\t\t\t\t<div class=\"elementor-element elementor-element-49bd6cd elementor-widget elementor-widget-text-editor\" data-id=\"49bd6cd\" data-element_type=\"widget\" data-widget_type=\"text-editor.default\">\n\t\t\t\t<div class=\"elementor-widget-container\">\n\t\t\t\t\t\t\t<p><strong><span style=\"color: #333333;\">&gt; Alles aus einem Lieferanten<\/span><\/strong>: Wir unterst\u00fctzen Ihr Gesch\u00e4ft mit einer umfassenden Palette von Produkten f\u00fcr den Waschraum<\/p><p><strong><span style=\"font-size: 1rem;\">&gt; <\/span>Innovation<\/strong><span style=\"font-size: 1rem;\">: Wir sind stets auf der Suche nach Produkten mit innovativen Materialien und Formaten<\/span><\/p><p><strong>&gt; Hochwertige Qualit\u00e4t<\/strong>: Die Qualit\u00e4t auch in den kleinsten Details ist unsere Priorit\u00e4t<\/p>\t\t\t\t\t\t<\/div>\n\t\t\t\t<\/div>\n\t\t\t\t\t<\/div>\n\t\t<\/div>\n\t\t\t\t\t<\/div>\n\t\t<\/section>\n\t\t\t\t<\/div>\n\t\t","protected":false},"excerpt":{"rendered":"<p>WASCHRAUM Komfort und Sicherheit Von Unterkunftseinrichtungen bis zu Arbeitspl\u00e4tzen sind Waschr\u00e4ume hoch frequentierte Bereiche, in allen Sektoren vorhanden. Ob in Hotels, B\u00fcros, Kaufh\u00e4usern oder Restaurants ist die Anzahl der Besucher sehr hoch. Mit einer umfassenden und umweltfreundlichen Auswahl f\u00fcr den professionellen Bereich an Toilettenpapier, Kosmetik- und Handt\u00fcchern, Spendern und Zubeh\u00f6r sowie Vliest\u00fcchern f\u00fcr die K\u00f6rperpflege [&hellip;]<\/p>\n","protected":false},"author":5,"featured_media":693,"parent":4359,"menu_order":0,"comment_status":"closed","ping_status":"closed","template":"","meta":{"iawp_total_views":21,"footnotes":""},"aree":[],"class_list":["post-4367","page","type-page","status-publish","has-post-thumbnail","hentry"],"acf":[],"yoast_head":"<!-- This site is optimized with the Yoast SEO plugin v21.1 - https:\/\/yoast.com\/wordpress\/plugins\/seo\/ -->\n<title>Waschraum - Minini<\/title>\n<meta name=\"robots\" content=\"index, follow, max-snippet:-1, max-image-preview:large, max-video-preview:-1\" \/>\n<link rel=\"canonical\" href=\"https:\/\/www.minini.eu\/de\/anwendungsbereiche\/waschraum\/\" \/>\n<meta property=\"og:locale\" content=\"de_DE\" \/>\n<meta property=\"og:type\" content=\"article\" \/>\n<meta property=\"og:title\" content=\"Waschraum - Minini\" \/>\n<meta property=\"og:description\" content=\"WASCHRAUM Komfort und Sicherheit Von Unterkunftseinrichtungen bis zu Arbeitspl\u00e4tzen sind Waschr\u00e4ume hoch frequentierte Bereiche, in allen Sektoren vorhanden. Ob in Hotels, B\u00fcros, Kaufh\u00e4usern oder Restaurants ist die Anzahl der Besucher sehr hoch. Mit einer umfassenden und umweltfreundlichen Auswahl f\u00fcr den professionellen Bereich an Toilettenpapier, Kosmetik- und Handt\u00fcchern, Spendern und Zubeh\u00f6r sowie Vliest\u00fcchern f\u00fcr die K\u00f6rperpflege [&hellip;]\" \/>\n<meta property=\"og:url\" content=\"https:\/\/www.minini.eu\/de\/anwendungsbereiche\/waschraum\/\" \/>\n<meta property=\"og:site_name\" content=\"Minini\" \/>\n<meta property=\"article:modified_time\" content=\"2024-10-28T13:37:48+00:00\" \/>\n<meta property=\"og:image\" content=\"https:\/\/www.minini.eu\/wp-content\/uploads\/2023\/09\/C-Sanifix.web_.jpg\" \/>\n\t<meta property=\"og:image:width\" content=\"588\" \/>\n\t<meta property=\"og:image:height\" content=\"318\" \/>\n\t<meta property=\"og:image:type\" content=\"image\/jpeg\" \/>\n<meta name=\"twitter:card\" content=\"summary_large_image\" \/>\n<meta name=\"twitter:label1\" content=\"Gesch\u00e4tzte Lesezeit\" \/>\n\t<meta name=\"twitter:data1\" content=\"2\u00a0Minuten\" \/>\n<script type=\"application\/ld+json\" class=\"yoast-schema-graph\">{\"@context\":\"https:\/\/schema.org\",\"@graph\":[{\"@type\":\"WebPage\",\"@id\":\"https:\/\/www.minini.eu\/de\/anwendungsbereiche\/waschraum\/\",\"url\":\"https:\/\/www.minini.eu\/de\/anwendungsbereiche\/waschraum\/\",\"name\":\"Waschraum - Minini\",\"isPartOf\":{\"@id\":\"https:\/\/3.74.132.144\/#website\"},\"datePublished\":\"2023-09-22T08:56:21+00:00\",\"dateModified\":\"2024-10-28T13:37:48+00:00\",\"breadcrumb\":{\"@id\":\"https:\/\/www.minini.eu\/de\/anwendungsbereiche\/waschraum\/#breadcrumb\"},\"inLanguage\":\"de\",\"potentialAction\":[{\"@type\":\"ReadAction\",\"target\":[\"https:\/\/www.minini.eu\/de\/anwendungsbereiche\/waschraum\/\"]}]},{\"@type\":\"BreadcrumbList\",\"@id\":\"https:\/\/www.minini.eu\/de\/anwendungsbereiche\/waschraum\/#breadcrumb\",\"itemListElement\":[{\"@type\":\"ListItem\",\"position\":1,\"name\":\"Home\",\"item\":\"https:\/\/www.minini.eu\/de\/\"},{\"@type\":\"ListItem\",\"position\":2,\"name\":\"ANWENDUNGSBEREICHE\",\"item\":\"https:\/\/www.minini.eu\/de\/anwendungsbereiche\/\"},{\"@type\":\"ListItem\",\"position\":3,\"name\":\"Waschraum\"}]},{\"@type\":\"WebSite\",\"@id\":\"https:\/\/3.74.132.144\/#website\",\"url\":\"https:\/\/3.74.132.144\/\",\"name\":\"Minini\",\"description\":\"Paper flowers\",\"publisher\":{\"@id\":\"https:\/\/3.74.132.144\/#organization\"},\"potentialAction\":[{\"@type\":\"SearchAction\",\"target\":{\"@type\":\"EntryPoint\",\"urlTemplate\":\"https:\/\/3.74.132.144\/?s={search_term_string}\"},\"query-input\":\"required name=search_term_string\"}],\"inLanguage\":\"de\"},{\"@type\":\"Organization\",\"@id\":\"https:\/\/3.74.132.144\/#organization\",\"name\":\"Minini\",\"url\":\"https:\/\/3.74.132.144\/\",\"logo\":{\"@type\":\"ImageObject\",\"inLanguage\":\"de\",\"@id\":\"https:\/\/3.74.132.144\/#\/schema\/logo\/image\/\",\"url\":\"https:\/\/www.minini.eu\/wp-content\/uploads\/2023\/07\/logo_minini.svg\",\"contentUrl\":\"https:\/\/www.minini.eu\/wp-content\/uploads\/2023\/07\/logo_minini.svg\",\"width\":260,\"height\":51,\"caption\":\"Minini\"},\"image\":{\"@id\":\"https:\/\/3.74.132.144\/#\/schema\/logo\/image\/\"}}]}<\/script>\n<!-- \/ Yoast SEO plugin. -->","yoast_head_json":{"title":"Waschraum - Minini","robots":{"index":"index","follow":"follow","max-snippet":"max-snippet:-1","max-image-preview":"max-image-preview:large","max-video-preview":"max-video-preview:-1"},"canonical":"https:\/\/www.minini.eu\/de\/anwendungsbereiche\/waschraum\/","og_locale":"de_DE","og_type":"article","og_title":"Waschraum - Minini","og_description":"WASCHRAUM Komfort und Sicherheit Von Unterkunftseinrichtungen bis zu Arbeitspl\u00e4tzen sind Waschr\u00e4ume hoch frequentierte Bereiche, in allen Sektoren vorhanden. Ob in Hotels, B\u00fcros, Kaufh\u00e4usern oder Restaurants ist die Anzahl der Besucher sehr hoch. Mit einer umfassenden und umweltfreundlichen Auswahl f\u00fcr den professionellen Bereich an Toilettenpapier, Kosmetik- und Handt\u00fcchern, Spendern und Zubeh\u00f6r sowie Vliest\u00fcchern f\u00fcr die K\u00f6rperpflege [&hellip;]","og_url":"https:\/\/www.minini.eu\/de\/anwendungsbereiche\/waschraum\/","og_site_name":"Minini","article_modified_time":"2024-10-28T13:37:48+00:00","og_image":[{"width":588,"height":318,"url":"https:\/\/www.minini.eu\/wp-content\/uploads\/2023\/09\/C-Sanifix.web_.jpg","type":"image\/jpeg"}],"twitter_card":"summary_large_image","twitter_misc":{"Gesch\u00e4tzte Lesezeit":"2\u00a0Minuten"},"schema":{"@context":"https:\/\/schema.org","@graph":[{"@type":"WebPage","@id":"https:\/\/www.minini.eu\/de\/anwendungsbereiche\/waschraum\/","url":"https:\/\/www.minini.eu\/de\/anwendungsbereiche\/waschraum\/","name":"Waschraum - Minini","isPartOf":{"@id":"https:\/\/3.74.132.144\/#website"},"datePublished":"2023-09-22T08:56:21+00:00","dateModified":"2024-10-28T13:37:48+00:00","breadcrumb":{"@id":"https:\/\/www.minini.eu\/de\/anwendungsbereiche\/waschraum\/#breadcrumb"},"inLanguage":"de","potentialAction":[{"@type":"ReadAction","target":["https:\/\/www.minini.eu\/de\/anwendungsbereiche\/waschraum\/"]}]},{"@type":"BreadcrumbList","@id":"https:\/\/www.minini.eu\/de\/anwendungsbereiche\/waschraum\/#breadcrumb","itemListElement":[{"@type":"ListItem","position":1,"name":"Home","item":"https:\/\/www.minini.eu\/de\/"},{"@type":"ListItem","position":2,"name":"ANWENDUNGSBEREICHE","item":"https:\/\/www.minini.eu\/de\/anwendungsbereiche\/"},{"@type":"ListItem","position":3,"name":"Waschraum"}]},{"@type":"WebSite","@id":"https:\/\/3.74.132.144\/#website","url":"https:\/\/3.74.132.144\/","name":"Minini","description":"Paper flowers","publisher":{"@id":"https:\/\/3.74.132.144\/#organization"},"potentialAction":[{"@type":"SearchAction","target":{"@type":"EntryPoint","urlTemplate":"https:\/\/3.74.132.144\/?s={search_term_string}"},"query-input":"required name=search_term_string"}],"inLanguage":"de"},{"@type":"Organization","@id":"https:\/\/3.74.132.144\/#organization","name":"Minini","url":"https:\/\/3.74.132.144\/","logo":{"@type":"ImageObject","inLanguage":"de","@id":"https:\/\/3.74.132.144\/#\/schema\/logo\/image\/","url":"https:\/\/www.minini.eu\/wp-content\/uploads\/2023\/07\/logo_minini.svg","contentUrl":"https:\/\/www.minini.eu\/wp-content\/uploads\/2023\/07\/logo_minini.svg","width":260,"height":51,"caption":"Minini"},"image":{"@id":"https:\/\/3.74.132.144\/#\/schema\/logo\/image\/"}}]}},"_links":{"self":[{"href":"https:\/\/www.minini.eu\/de\/wp-json\/wp\/v2\/pages\/4367"}],"collection":[{"href":"https:\/\/www.minini.eu\/de\/wp-json\/wp\/v2\/pages"}],"about":[{"href":"https:\/\/www.minini.eu\/de\/wp-json\/wp\/v2\/types\/page"}],"author":[{"embeddable":true,"href":"https:\/\/www.minini.eu\/de\/wp-json\/wp\/v2\/users\/5"}],"replies":[{"embeddable":true,"href":"https:\/\/www.minini.eu\/de\/wp-json\/wp\/v2\/comments?post=4367"}],"version-history":[{"count":25,"href":"https:\/\/www.minini.eu\/de\/wp-json\/wp\/v2\/pages\/4367\/revisions"}],"predecessor-version":[{"id":10065,"href":"https:\/\/www.minini.eu\/de\/wp-json\/wp\/v2\/pages\/4367\/revisions\/10065"}],"up":[{"embeddable":true,"href":"https:\/\/www.minini.eu\/de\/wp-json\/wp\/v2\/pages\/4359"}],"wp:featuredmedia":[{"embeddable":true,"href":"https:\/\/www.minini.eu\/de\/wp-json\/wp\/v2\/media\/693"}],"wp:attachment":[{"href":"https:\/\/www.minini.eu\/de\/wp-json\/wp\/v2\/media?parent=4367"}],"wp:term":[{"taxonomy":"aree","embeddable":true,"href":"https:\/\/www.minini.eu\/de\/wp-json\/wp\/v2\/aree?post=4367"}],"curies":[{"name":"wp","href":"https:\/\/api.w.org\/{rel}","templated":true}]}}