{"id":4369,"date":"2023-08-04T13:41:32","date_gmt":"2023-08-04T13:41:32","guid":{"rendered":"https:\/\/dev.aipem.it\/minini\/anwendungsbereiche\/gesundheitswesen\/"},"modified":"2024-10-28T14:15:42","modified_gmt":"2024-10-28T14:15:42","slug":"gesundheitswesen","status":"publish","type":"page","link":"https:\/\/www.minini.eu\/de\/anwendungsbereiche\/gesundheitswesen\/","title":{"rendered":"Gesundheitswesen"},"content":{"rendered":"\t\t<div data-elementor-type=\"wp-page\" data-elementor-id=\"4369\" class=\"elementor elementor-4369 elementor-120\" data-elementor-post-type=\"page\">\n\t\t\t\t\t\t<section class=\"elementor-section elementor-top-section elementor-element elementor-element-73c632d elementor-section-height-min-height elementor-section-boxed elementor-section-height-default elementor-section-items-middle\" data-id=\"73c632d\" data-element_type=\"section\" data-settings=\"{&quot;background_background&quot;:&quot;classic&quot;}\">\n\t\t\t\t\t\t<div class=\"elementor-container elementor-column-gap-default\">\n\t\t\t\t\t<div class=\"elementor-column elementor-col-50 elementor-top-column elementor-element elementor-element-6330ddf\" data-id=\"6330ddf\" data-element_type=\"column\">\n\t\t\t<div class=\"elementor-widget-wrap elementor-element-populated\">\n\t\t\t\t\t\t<div class=\"elementor-element elementor-element-ea3eaff elementor-widget__width-initial elementor-widget elementor-widget-heading\" data-id=\"ea3eaff\" data-element_type=\"widget\" data-widget_type=\"heading.default\">\n\t\t\t\t<div class=\"elementor-widget-container\">\n\t\t\t<h2 class=\"elementor-heading-title elementor-size-default\">GESUNDHEITSWESEN<\/h2>\t\t<\/div>\n\t\t\t\t<\/div>\n\t\t\t\t\t<\/div>\n\t\t<\/div>\n\t\t\t\t<div class=\"elementor-column elementor-col-50 elementor-top-column elementor-element elementor-element-6d6c509\" data-id=\"6d6c509\" data-element_type=\"column\">\n\t\t\t<div class=\"elementor-widget-wrap\">\n\t\t\t\t\t\t\t<\/div>\n\t\t<\/div>\n\t\t\t\t\t<\/div>\n\t\t<\/section>\n\t\t\t\t<section class=\"elementor-section elementor-top-section elementor-element elementor-element-d1bbc4b elementor-section-boxed elementor-section-height-default elementor-section-height-default\" data-id=\"d1bbc4b\" data-element_type=\"section\">\n\t\t\t\t\t\t<div class=\"elementor-container elementor-column-gap-default\">\n\t\t\t\t\t<div class=\"elementor-column elementor-col-50 elementor-top-column elementor-element elementor-element-16f6677\" data-id=\"16f6677\" data-element_type=\"column\">\n\t\t\t<div class=\"elementor-widget-wrap elementor-element-populated\">\n\t\t\t\t\t\t<div class=\"elementor-element elementor-element-2b5b19d elementor-widget elementor-widget-heading\" data-id=\"2b5b19d\" data-element_type=\"widget\" data-widget_type=\"heading.default\">\n\t\t\t\t<div class=\"elementor-widget-container\">\n\t\t\t<h2 class=\"elementor-heading-title elementor-size-default\">Alles aus einem Lieferanten mit Fokus auf dem Gesundheitswesen<\/h2>\t\t<\/div>\n\t\t\t\t<\/div>\n\t\t\t\t\t<\/div>\n\t\t<\/div>\n\t\t\t\t<div class=\"elementor-column elementor-col-50 elementor-top-column elementor-element elementor-element-f6cb219\" data-id=\"f6cb219\" data-element_type=\"column\">\n\t\t\t<div class=\"elementor-widget-wrap elementor-element-populated\">\n\t\t\t\t\t\t<div class=\"elementor-element elementor-element-ddc5040 elementor-widget elementor-widget-text-editor\" data-id=\"ddc5040\" data-element_type=\"widget\" data-widget_type=\"text-editor.default\">\n\t\t\t\t<div class=\"elementor-widget-container\">\n\t\t\t\t\t\t\t<p><strong>Vliest\u00fccher<\/strong>, <strong>Tissue-Papier, Zubeh\u00f6r und Systeme<\/strong>, die speziell f\u00fcr eine <strong>h\u00f6here Desinfektionsqualit\u00e4t<\/strong> in Gesundheitseinrichtungen und Arztpraxen entwickelt wurden. Unser Fokus liegt auf der <strong>praktischen Anwendung<\/strong> durch das Reinigungspersonal mit einer optimierten Verwendung der Produkte f\u00fcr die Desinfektion, die einfach und wirksam erfolgt und gleichzeitig mit hoher Aufmerksamkeit auf die Anwendungskosten Wir entwickeln ma\u00dfgeschneiderte L\u00f6sungen.<\/p>\n\t\t\t\t\t\t<\/div>\n\t\t\t\t<\/div>\n\t\t\t\t\t<\/div>\n\t\t<\/div>\n\t\t\t\t\t<\/div>\n\t\t<\/section>\n\t\t\t\t<section class=\"elementor-section elementor-top-section elementor-element elementor-element-e10ecf3 elementor-hidden-desktop elementor-hidden-tablet elementor-hidden-mobile elementor-section-boxed elementor-section-height-default elementor-section-height-default\" data-id=\"e10ecf3\" data-element_type=\"section\" data-settings=\"{&quot;background_background&quot;:&quot;classic&quot;}\">\n\t\t\t\t\t\t<div class=\"elementor-container elementor-column-gap-default\">\n\t\t\t\t\t<div class=\"elementor-column elementor-col-50 elementor-top-column elementor-element elementor-element-8029284\" data-id=\"8029284\" data-element_type=\"column\">\n\t\t\t<div class=\"elementor-widget-wrap elementor-element-populated\">\n\t\t\t\t\t\t<div class=\"elementor-element elementor-element-dbe845d elementor-widget elementor-widget-image\" data-id=\"dbe845d\" data-element_type=\"widget\" data-widget_type=\"image.default\">\n\t\t\t\t<div class=\"elementor-widget-container\">\n\t\t\t\t\t\t\t\t\t\t\t\t\t<img fetchpriority=\"high\" decoding=\"async\" width=\"683\" height=\"1024\" src=\"https:\/\/www.minini.eu\/wp-content\/uploads\/2024\/09\/nexwoven_dettaglio_I1A7394-Modifica.jpg\" class=\"attachment-medium_large size-medium_large wp-image-6797\" alt=\"nexwoven Vliestuch f\u00fcr die Reinigung und Desinfektion von Oberfl\u00e4chen, nimmt die L\u00f6sung auf und gibt sie auf der zu behandelnden Oberfl\u00e4che schrittweise ab\" srcset=\"https:\/\/www.minini.eu\/wp-content\/uploads\/2024\/09\/nexwoven_dettaglio_I1A7394-Modifica.jpg 683w, https:\/\/www.minini.eu\/wp-content\/uploads\/2024\/09\/nexwoven_dettaglio_I1A7394-Modifica-200x300.jpg 200w\" sizes=\"(max-width: 683px) 100vw, 683px\" \/>\t\t\t\t\t\t\t\t\t\t\t\t\t<\/div>\n\t\t\t\t<\/div>\n\t\t\t\t\t<\/div>\n\t\t<\/div>\n\t\t\t\t<div class=\"elementor-column elementor-col-50 elementor-top-column elementor-element elementor-element-272b51f\" data-id=\"272b51f\" data-element_type=\"column\">\n\t\t\t<div class=\"elementor-widget-wrap elementor-element-populated\">\n\t\t\t\t\t\t<div class=\"elementor-element elementor-element-b28765b elementor-widget elementor-widget-heading\" data-id=\"b28765b\" data-element_type=\"widget\" data-widget_type=\"heading.default\">\n\t\t\t\t<div class=\"elementor-widget-container\">\n\t\t\t<h2 class=\"elementor-heading-title elementor-size-default\">Die Nexwoven\u00ae Linie f\u00fcr die Desinfektion von Oberfl\u00e4chen<\/h2>\t\t<\/div>\n\t\t\t\t<\/div>\n\t\t\t\t<div class=\"elementor-element elementor-element-783803f elementor-widget elementor-widget-text-editor\" data-id=\"783803f\" data-element_type=\"widget\" data-widget_type=\"text-editor.default\">\n\t\t\t\t<div class=\"elementor-widget-container\">\n\t\t\t\t\t\t\t<p>Unsere Vliesprodukte wurden speziell f\u00fcrs Gesundheitswesen entwickelt, zur Erf\u00fcllung der Anforderungen an Reinigung, Desinfektion und Verhinderung von Kreuzkontamination: Hoch wirksam und sicher, mit dieser Linie wird die Reinigung effektiver gemacht.<\/p>\n<p><strong>Die Weiterentwicklung von Desinfektionssystemen: Eine perfekt ausgewogene Kombination aus Hygiene, Sicherheit und hochwertigen professionellen Produkten.<\/strong><\/p>\n\t\t\t\t\t\t<\/div>\n\t\t\t\t<\/div>\n\t\t\t\t<div class=\"elementor-element elementor-element-7d7bdfb elementor-widget elementor-widget-button\" data-id=\"7d7bdfb\" data-element_type=\"widget\" data-widget_type=\"button.default\">\n\t\t\t\t<div class=\"elementor-widget-container\">\n\t\t\t\t\t<div class=\"elementor-button-wrapper\">\n\t\t\t<a class=\"elementor-button elementor-button-link elementor-size-sm\" href=\"https:\/\/minini.eu\/categoria\/panni-piegati-a-v-in-rotolo\/\">\n\t\t\t\t\t\t<span class=\"elementor-button-content-wrapper\">\n\t\t\t\t\t\t\t\t\t<span class=\"elementor-button-text\">Entdecken Sie die umfassende Nexwoven\u00ae Linie<\/span>\n\t\t\t\t\t<\/span>\n\t\t\t\t\t<\/a>\n\t\t<\/div>\n\t\t\t\t<\/div>\n\t\t\t\t<\/div>\n\t\t\t\t\t<\/div>\n\t\t<\/div>\n\t\t\t\t\t<\/div>\n\t\t<\/section>\n\t\t\t\t<section class=\"elementor-section elementor-top-section elementor-element elementor-element-9b96e3c elementor-section-boxed elementor-section-height-default elementor-section-height-default\" data-id=\"9b96e3c\" data-element_type=\"section\" data-settings=\"{&quot;background_background&quot;:&quot;gradient&quot;}\">\n\t\t\t\t\t\t<div class=\"elementor-container elementor-column-gap-default\">\n\t\t\t\t\t<div class=\"elementor-column elementor-col-50 elementor-top-column elementor-element elementor-element-ed38b3b\" data-id=\"ed38b3b\" data-element_type=\"column\">\n\t\t\t<div class=\"elementor-widget-wrap elementor-element-populated\">\n\t\t\t\t\t\t<div class=\"elementor-element elementor-element-d260f61 elementor-widget elementor-widget-heading\" data-id=\"d260f61\" data-element_type=\"widget\" data-widget_type=\"heading.default\">\n\t\t\t\t<div class=\"elementor-widget-container\">\n\t\t\t<h2 class=\"elementor-heading-title elementor-size-default\">Minini solutions<\/h2>\t\t<\/div>\n\t\t\t\t<\/div>\n\t\t\t\t<div class=\"elementor-element elementor-element-178bb6f elementor-widget-divider--view-line elementor-widget elementor-widget-divider\" data-id=\"178bb6f\" data-element_type=\"widget\" data-widget_type=\"divider.default\">\n\t\t\t\t<div class=\"elementor-widget-container\">\n\t\t\t\t\t<div class=\"elementor-divider\">\n\t\t\t<span class=\"elementor-divider-separator\">\n\t\t\t\t\t\t<\/span>\n\t\t<\/div>\n\t\t\t\t<\/div>\n\t\t\t\t<\/div>\n\t\t\t\t<div class=\"elementor-element elementor-element-6993344 elementor-widget elementor-widget-text-editor\" data-id=\"6993344\" data-element_type=\"widget\" data-widget_type=\"text-editor.default\">\n\t\t\t\t<div class=\"elementor-widget-container\">\n\t\t\t\t\t\t\t<p>Unser <strong> Fokus<\/strong> liegt auf der Wirksamkeit <strong>der Reinigung und Desinfektion<\/strong> mit dem Ziel, f\u00fcrs Gesundheitswesen wesentliche Voraussetzungen wie die Qualit\u00e4t der Umgebungen und die Verhinderung von Kreuzkontamination zu verbessern.<\/p>\n<p>In diesem Zusammenhang bem\u00fchen wir uns noch st\u00e4rker in der Suche nach leistungsf\u00e4higen Produkten, Tests und Zertifizierungen, um die h\u00f6chste Nutzungssicherheit zu garantieren.<\/p>\n<p>Jedes Produkt ist f\u00fcr verschiedene Anwendungen durchdacht: <strong>Die Desinfektion und Reinigung von Bettenr\u00e4umen, Arztpraxen, Gemeinschaftsr\u00e4umen und allen Umgebungen, wo die h\u00f6chste Hygiene erdordert wird. <\/strong><\/p>\n\t\t\t\t\t\t<\/div>\n\t\t\t\t<\/div>\n\t\t\t\t\t<\/div>\n\t\t<\/div>\n\t\t\t\t<div class=\"elementor-column elementor-col-50 elementor-top-column elementor-element elementor-element-4e6564b\" data-id=\"4e6564b\" data-element_type=\"column\">\n\t\t\t<div class=\"elementor-widget-wrap elementor-element-populated\">\n\t\t\t\t\t\t<div class=\"elementor-element elementor-element-c005366 elementor-widget elementor-widget-image\" data-id=\"c005366\" data-element_type=\"widget\" data-widget_type=\"image.default\">\n\t\t\t\t<div class=\"elementor-widget-container\">\n\t\t\t\t\t\t\t\t\t\t\t\t\t<img decoding=\"async\" width=\"800\" height=\"534\" src=\"https:\/\/www.minini.eu\/wp-content\/uploads\/2024\/09\/Hospital-Laboratory-1024x683.jpg\" class=\"attachment-large size-large wp-image-6782\" alt=\"\" srcset=\"https:\/\/www.minini.eu\/wp-content\/uploads\/2024\/09\/Hospital-Laboratory-1024x683.jpg 1024w, https:\/\/www.minini.eu\/wp-content\/uploads\/2024\/09\/Hospital-Laboratory-300x200.jpg 300w, https:\/\/www.minini.eu\/wp-content\/uploads\/2024\/09\/Hospital-Laboratory-768x512.jpg 768w, https:\/\/www.minini.eu\/wp-content\/uploads\/2024\/09\/Hospital-Laboratory-1536x1024.jpg 1536w, https:\/\/www.minini.eu\/wp-content\/uploads\/2024\/09\/Hospital-Laboratory-2048x1365.jpg 2048w\" sizes=\"(max-width: 800px) 100vw, 800px\" \/>\t\t\t\t\t\t\t\t\t\t\t\t\t<\/div>\n\t\t\t\t<\/div>\n\t\t\t\t<div class=\"elementor-element elementor-element-b31ebac elementor-widget elementor-widget-image\" data-id=\"b31ebac\" data-element_type=\"widget\" data-widget_type=\"image.default\">\n\t\t\t\t<div class=\"elementor-widget-container\">\n\t\t\t\t\t\t\t\t\t\t\t\t\t<img decoding=\"async\" width=\"403\" height=\"269\" src=\"https:\/\/www.minini.eu\/wp-content\/uploads\/2023\/08\/SANITARIO_istockphoto-1282621513-2048x2048-1.jpg\" class=\"attachment-large size-large wp-image-407\" alt=\"\" srcset=\"https:\/\/www.minini.eu\/wp-content\/uploads\/2023\/08\/SANITARIO_istockphoto-1282621513-2048x2048-1.jpg 403w, https:\/\/www.minini.eu\/wp-content\/uploads\/2023\/08\/SANITARIO_istockphoto-1282621513-2048x2048-1-300x200.jpg 300w\" sizes=\"(max-width: 403px) 100vw, 403px\" \/>\t\t\t\t\t\t\t\t\t\t\t\t\t<\/div>\n\t\t\t\t<\/div>\n\t\t\t\t\t<\/div>\n\t\t<\/div>\n\t\t\t\t\t<\/div>\n\t\t<\/section>\n\t\t\t\t<section class=\"elementor-section elementor-top-section elementor-element elementor-element-b5b12f0 elementor-section-boxed elementor-section-height-default elementor-section-height-default\" data-id=\"b5b12f0\" data-element_type=\"section\">\n\t\t\t\t\t\t\t<div class=\"elementor-background-overlay\"><\/div>\n\t\t\t\t\t\t\t<div class=\"elementor-container elementor-column-gap-default\">\n\t\t\t\t\t<div class=\"elementor-column elementor-col-100 elementor-top-column elementor-element elementor-element-cf904bc\" data-id=\"cf904bc\" data-element_type=\"column\" data-settings=\"{&quot;background_background&quot;:&quot;classic&quot;}\">\n\t\t\t<div class=\"elementor-widget-wrap elementor-element-populated\">\n\t\t\t\t\t<div class=\"elementor-background-overlay\"><\/div>\n\t\t\t\t\t\t<div class=\"elementor-element elementor-element-915606d elementor-widget elementor-widget-heading\" data-id=\"915606d\" data-element_type=\"widget\" data-widget_type=\"heading.default\">\n\t\t\t\t<div class=\"elementor-widget-container\">\n\t\t\t<h2 class=\"elementor-heading-title elementor-size-default\">Produkte<\/h2>\t\t<\/div>\n\t\t\t\t<\/div>\n\t\t\t\t<div class=\"elementor-element elementor-element-549044a elementor-widget elementor-widget-text-editor\" data-id=\"549044a\" data-element_type=\"widget\" data-widget_type=\"text-editor.default\">\n\t\t\t\t<div class=\"elementor-widget-container\">\n\t\t\t\t\t\t\t<p>Entdecken Sie unsere Produkte f\u00fcrs Gesundheitswesen<\/p>\n\t\t\t\t\t\t<\/div>\n\t\t\t\t<\/div>\n\t\t<div class=\"elementor-element elementor-element-ae19a8b e-flex e-con-boxed e-con e-parent\" data-id=\"ae19a8b\" data-element_type=\"container\">\n\t\t\t\t\t<div class=\"e-con-inner\">\n\t\t\t\t\t<\/div>\n\t\t\t\t<\/div>\n\t\t\t\t\t<\/div>\n\t\t<\/div>\n\t\t\t\t\t<\/div>\n\t\t<\/section>\n\t\t\t\t<section class=\"elementor-section elementor-top-section elementor-element elementor-element-4303543 elementor-section-boxed elementor-section-height-default elementor-section-height-default\" data-id=\"4303543\" data-element_type=\"section\">\n\t\t\t\t\t\t<div class=\"elementor-container elementor-column-gap-default\">\n\t\t\t\t\t<div class=\"elementor-column elementor-col-100 elementor-top-column elementor-element elementor-element-ed9ac87\" data-id=\"ed9ac87\" data-element_type=\"column\">\n\t\t\t<div class=\"elementor-widget-wrap elementor-element-populated\">\n\t\t\t\t\t\t<div class=\"elementor-element elementor-element-0af139a elementor-widget elementor-widget-heading\" data-id=\"0af139a\" data-element_type=\"widget\" data-widget_type=\"heading.default\">\n\t\t\t\t<div class=\"elementor-widget-container\">\n\t\t\t<h2 class=\"elementor-heading-title elementor-size-default\">Die Vorteile des Minini Angebots<\/h2>\t\t<\/div>\n\t\t\t\t<\/div>\n\t\t\t\t<div class=\"elementor-element elementor-element-3d424fc elementor-widget-divider--view-line elementor-widget elementor-widget-divider\" data-id=\"3d424fc\" data-element_type=\"widget\" data-widget_type=\"divider.default\">\n\t\t\t\t<div class=\"elementor-widget-container\">\n\t\t\t\t\t<div class=\"elementor-divider\">\n\t\t\t<span class=\"elementor-divider-separator\">\n\t\t\t\t\t\t<\/span>\n\t\t<\/div>\n\t\t\t\t<\/div>\n\t\t\t\t<\/div>\n\t\t\t\t<div class=\"elementor-element elementor-element-49bd6cd elementor-widget elementor-widget-text-editor\" data-id=\"49bd6cd\" data-element_type=\"widget\" data-widget_type=\"text-editor.default\">\n\t\t\t\t<div class=\"elementor-widget-container\">\n\t\t\t\t\t\t\t<p>Wir haben alle Materialien f\u00fcr die Desinfektion sorgf\u00e4ltig gew\u00e4hlt und achten besonders auf die Gew\u00e4hrleistung von gleichbleibenden technischen Eigenschaften zur Bewahrung der h\u00f6chsten Leistungen in jeder Anwendung. Wir bieten hygienische, praktische, g\u00fcnstige und hochwertige Produkte an.<\/p>\n<p>Bei uns steht die Suche nach zertifizierten, hochwertigen Materialien im Mittelpunkt.<\/p>\n<p> <strong>&gt; Wir verstehen Ihre Bed\u00fcrfnisse.<\/strong> Zusammen mit Ihnen finden wir <strong>ma\u00dfgeschneiderte L\u00f6sungen.<\/strong><\/p>\n<p><strong>&gt; Hohe Vielseitigkeit in der Anwendung.<\/strong> Hohe Vielseitigkeit in der Anwendung. Dank der Eigenschaften vom Vlies k\u00f6nnen unsere T\u00fccher mit den besten Ergebnissen in verschiedenen Anwendungen innerhalb von verschiedenen Verwendungsbereichen benutzt werden, von der Desinfektion von Oberfl\u00e4chen bis zur K\u00f6rperpflege.<\/p>\n<p><strong>&gt; Hygienische und sichere Verpackung.<\/strong> Spender mit antibakterieller Schutzwirkung. Farbcodierter Deckel f\u00fcr eine korrekte Anwendung in den verschiedenen Bereichen.<\/p>\n<p><strong>&gt; Hochwertige Materialien.<\/strong> Wir suchen nach Hochleistungsmaterialien, um den h\u00f6chsten Anspr\u00fcchen im Gesundheitswesen gerecht zu werden.<\/p>\n\t\t\t\t\t\t<\/div>\n\t\t\t\t<\/div>\n\t\t\t\t\t<\/div>\n\t\t<\/div>\n\t\t\t\t\t<\/div>\n\t\t<\/section>\n\t\t\t\t<\/div>\n\t\t","protected":false},"excerpt":{"rendered":"<p>GESUNDHEITSWESEN Alles aus einem Lieferanten mit Fokus auf dem Gesundheitswesen Vliest\u00fccher, Tissue-Papier, Zubeh\u00f6r und Systeme, die speziell f\u00fcr eine h\u00f6here Desinfektionsqualit\u00e4t in Gesundheitseinrichtungen und Arztpraxen entwickelt wurden. Unser Fokus liegt auf der praktischen Anwendung durch das Reinigungspersonal mit einer optimierten Verwendung der Produkte f\u00fcr die Desinfektion, die einfach und wirksam erfolgt und gleichzeitig mit hoher [&hellip;]<\/p>\n","protected":false},"author":5,"featured_media":0,"parent":4359,"menu_order":0,"comment_status":"closed","ping_status":"closed","template":"","meta":{"iawp_total_views":54,"footnotes":""},"aree":[],"class_list":["post-4369","page","type-page","status-publish","hentry"],"acf":[],"yoast_head":"<!-- This site is optimized with the Yoast SEO plugin v21.1 - https:\/\/yoast.com\/wordpress\/plugins\/seo\/ -->\n<title>Gesundheitswesen - Minini<\/title>\n<meta name=\"robots\" content=\"index, follow, max-snippet:-1, max-image-preview:large, max-video-preview:-1\" \/>\n<link rel=\"canonical\" href=\"https:\/\/www.minini.eu\/de\/anwendungsbereiche\/gesundheitswesen\/\" \/>\n<meta property=\"og:locale\" content=\"de_DE\" \/>\n<meta property=\"og:type\" content=\"article\" \/>\n<meta property=\"og:title\" content=\"Gesundheitswesen - Minini\" \/>\n<meta property=\"og:description\" content=\"GESUNDHEITSWESEN Alles aus einem Lieferanten mit Fokus auf dem Gesundheitswesen Vliest\u00fccher, Tissue-Papier, Zubeh\u00f6r und Systeme, die speziell f\u00fcr eine h\u00f6here Desinfektionsqualit\u00e4t in Gesundheitseinrichtungen und Arztpraxen entwickelt wurden. Unser Fokus liegt auf der praktischen Anwendung durch das Reinigungspersonal mit einer optimierten Verwendung der Produkte f\u00fcr die Desinfektion, die einfach und wirksam erfolgt und gleichzeitig mit hoher [&hellip;]\" \/>\n<meta property=\"og:url\" content=\"https:\/\/www.minini.eu\/de\/anwendungsbereiche\/gesundheitswesen\/\" \/>\n<meta property=\"og:site_name\" content=\"Minini\" \/>\n<meta property=\"article:modified_time\" content=\"2024-10-28T14:15:42+00:00\" \/>\n<meta property=\"og:image\" content=\"https:\/\/minini.eu\/wp-content\/uploads\/2024\/09\/nexwoven_dettaglio_I1A7394-Modifica.jpg\" \/>\n<meta name=\"twitter:card\" content=\"summary_large_image\" \/>\n<meta name=\"twitter:label1\" content=\"Gesch\u00e4tzte Lesezeit\" \/>\n\t<meta name=\"twitter:data1\" content=\"3\u00a0Minuten\" \/>\n<script type=\"application\/ld+json\" class=\"yoast-schema-graph\">{\"@context\":\"https:\/\/schema.org\",\"@graph\":[{\"@type\":\"WebPage\",\"@id\":\"https:\/\/www.minini.eu\/de\/anwendungsbereiche\/gesundheitswesen\/\",\"url\":\"https:\/\/www.minini.eu\/de\/anwendungsbereiche\/gesundheitswesen\/\",\"name\":\"Gesundheitswesen - Minini\",\"isPartOf\":{\"@id\":\"https:\/\/3.74.132.144\/#website\"},\"datePublished\":\"2023-08-04T13:41:32+00:00\",\"dateModified\":\"2024-10-28T14:15:42+00:00\",\"breadcrumb\":{\"@id\":\"https:\/\/www.minini.eu\/de\/anwendungsbereiche\/gesundheitswesen\/#breadcrumb\"},\"inLanguage\":\"de\",\"potentialAction\":[{\"@type\":\"ReadAction\",\"target\":[\"https:\/\/www.minini.eu\/de\/anwendungsbereiche\/gesundheitswesen\/\"]}]},{\"@type\":\"BreadcrumbList\",\"@id\":\"https:\/\/www.minini.eu\/de\/anwendungsbereiche\/gesundheitswesen\/#breadcrumb\",\"itemListElement\":[{\"@type\":\"ListItem\",\"position\":1,\"name\":\"Home\",\"item\":\"https:\/\/www.minini.eu\/de\/\"},{\"@type\":\"ListItem\",\"position\":2,\"name\":\"ANWENDUNGSBEREICHE\",\"item\":\"https:\/\/www.minini.eu\/de\/anwendungsbereiche\/\"},{\"@type\":\"ListItem\",\"position\":3,\"name\":\"Gesundheitswesen\"}]},{\"@type\":\"WebSite\",\"@id\":\"https:\/\/3.74.132.144\/#website\",\"url\":\"https:\/\/3.74.132.144\/\",\"name\":\"Minini\",\"description\":\"Paper flowers\",\"publisher\":{\"@id\":\"https:\/\/3.74.132.144\/#organization\"},\"potentialAction\":[{\"@type\":\"SearchAction\",\"target\":{\"@type\":\"EntryPoint\",\"urlTemplate\":\"https:\/\/3.74.132.144\/?s={search_term_string}\"},\"query-input\":\"required name=search_term_string\"}],\"inLanguage\":\"de\"},{\"@type\":\"Organization\",\"@id\":\"https:\/\/3.74.132.144\/#organization\",\"name\":\"Minini\",\"url\":\"https:\/\/3.74.132.144\/\",\"logo\":{\"@type\":\"ImageObject\",\"inLanguage\":\"de\",\"@id\":\"https:\/\/3.74.132.144\/#\/schema\/logo\/image\/\",\"url\":\"https:\/\/www.minini.eu\/wp-content\/uploads\/2023\/07\/logo_minini.svg\",\"contentUrl\":\"https:\/\/www.minini.eu\/wp-content\/uploads\/2023\/07\/logo_minini.svg\",\"width\":260,\"height\":51,\"caption\":\"Minini\"},\"image\":{\"@id\":\"https:\/\/3.74.132.144\/#\/schema\/logo\/image\/\"}}]}<\/script>\n<!-- \/ Yoast SEO plugin. -->","yoast_head_json":{"title":"Gesundheitswesen - Minini","robots":{"index":"index","follow":"follow","max-snippet":"max-snippet:-1","max-image-preview":"max-image-preview:large","max-video-preview":"max-video-preview:-1"},"canonical":"https:\/\/www.minini.eu\/de\/anwendungsbereiche\/gesundheitswesen\/","og_locale":"de_DE","og_type":"article","og_title":"Gesundheitswesen - Minini","og_description":"GESUNDHEITSWESEN Alles aus einem Lieferanten mit Fokus auf dem Gesundheitswesen Vliest\u00fccher, Tissue-Papier, Zubeh\u00f6r und Systeme, die speziell f\u00fcr eine h\u00f6here Desinfektionsqualit\u00e4t in Gesundheitseinrichtungen und Arztpraxen entwickelt wurden. Unser Fokus liegt auf der praktischen Anwendung durch das Reinigungspersonal mit einer optimierten Verwendung der Produkte f\u00fcr die Desinfektion, die einfach und wirksam erfolgt und gleichzeitig mit hoher [&hellip;]","og_url":"https:\/\/www.minini.eu\/de\/anwendungsbereiche\/gesundheitswesen\/","og_site_name":"Minini","article_modified_time":"2024-10-28T14:15:42+00:00","og_image":[{"url":"https:\/\/minini.eu\/wp-content\/uploads\/2024\/09\/nexwoven_dettaglio_I1A7394-Modifica.jpg"}],"twitter_card":"summary_large_image","twitter_misc":{"Gesch\u00e4tzte Lesezeit":"3\u00a0Minuten"},"schema":{"@context":"https:\/\/schema.org","@graph":[{"@type":"WebPage","@id":"https:\/\/www.minini.eu\/de\/anwendungsbereiche\/gesundheitswesen\/","url":"https:\/\/www.minini.eu\/de\/anwendungsbereiche\/gesundheitswesen\/","name":"Gesundheitswesen - Minini","isPartOf":{"@id":"https:\/\/3.74.132.144\/#website"},"datePublished":"2023-08-04T13:41:32+00:00","dateModified":"2024-10-28T14:15:42+00:00","breadcrumb":{"@id":"https:\/\/www.minini.eu\/de\/anwendungsbereiche\/gesundheitswesen\/#breadcrumb"},"inLanguage":"de","potentialAction":[{"@type":"ReadAction","target":["https:\/\/www.minini.eu\/de\/anwendungsbereiche\/gesundheitswesen\/"]}]},{"@type":"BreadcrumbList","@id":"https:\/\/www.minini.eu\/de\/anwendungsbereiche\/gesundheitswesen\/#breadcrumb","itemListElement":[{"@type":"ListItem","position":1,"name":"Home","item":"https:\/\/www.minini.eu\/de\/"},{"@type":"ListItem","position":2,"name":"ANWENDUNGSBEREICHE","item":"https:\/\/www.minini.eu\/de\/anwendungsbereiche\/"},{"@type":"ListItem","position":3,"name":"Gesundheitswesen"}]},{"@type":"WebSite","@id":"https:\/\/3.74.132.144\/#website","url":"https:\/\/3.74.132.144\/","name":"Minini","description":"Paper flowers","publisher":{"@id":"https:\/\/3.74.132.144\/#organization"},"potentialAction":[{"@type":"SearchAction","target":{"@type":"EntryPoint","urlTemplate":"https:\/\/3.74.132.144\/?s={search_term_string}"},"query-input":"required name=search_term_string"}],"inLanguage":"de"},{"@type":"Organization","@id":"https:\/\/3.74.132.144\/#organization","name":"Minini","url":"https:\/\/3.74.132.144\/","logo":{"@type":"ImageObject","inLanguage":"de","@id":"https:\/\/3.74.132.144\/#\/schema\/logo\/image\/","url":"https:\/\/www.minini.eu\/wp-content\/uploads\/2023\/07\/logo_minini.svg","contentUrl":"https:\/\/www.minini.eu\/wp-content\/uploads\/2023\/07\/logo_minini.svg","width":260,"height":51,"caption":"Minini"},"image":{"@id":"https:\/\/3.74.132.144\/#\/schema\/logo\/image\/"}}]}},"_links":{"self":[{"href":"https:\/\/www.minini.eu\/de\/wp-json\/wp\/v2\/pages\/4369"}],"collection":[{"href":"https:\/\/www.minini.eu\/de\/wp-json\/wp\/v2\/pages"}],"about":[{"href":"https:\/\/www.minini.eu\/de\/wp-json\/wp\/v2\/types\/page"}],"author":[{"embeddable":true,"href":"https:\/\/www.minini.eu\/de\/wp-json\/wp\/v2\/users\/5"}],"replies":[{"embeddable":true,"href":"https:\/\/www.minini.eu\/de\/wp-json\/wp\/v2\/comments?post=4369"}],"version-history":[{"count":56,"href":"https:\/\/www.minini.eu\/de\/wp-json\/wp\/v2\/pages\/4369\/revisions"}],"predecessor-version":[{"id":10104,"href":"https:\/\/www.minini.eu\/de\/wp-json\/wp\/v2\/pages\/4369\/revisions\/10104"}],"up":[{"embeddable":true,"href":"https:\/\/www.minini.eu\/de\/wp-json\/wp\/v2\/pages\/4359"}],"wp:attachment":[{"href":"https:\/\/www.minini.eu\/de\/wp-json\/wp\/v2\/media?parent=4369"}],"wp:term":[{"taxonomy":"aree","embeddable":true,"href":"https:\/\/www.minini.eu\/de\/wp-json\/wp\/v2\/aree?post=4369"}],"curies":[{"name":"wp","href":"https:\/\/api.w.org\/{rel}","templated":true}]}}