{"id":4373,"date":"2023-09-19T07:20:37","date_gmt":"2023-09-19T05:20:37","guid":{"rendered":"https:\/\/dev.aipem.it\/minini\/anwendungsbereiche\/industrie\/"},"modified":"2025-11-10T12:31:05","modified_gmt":"2025-11-10T11:31:05","slug":"industrie","status":"publish","type":"page","link":"https:\/\/www.minini.eu\/de\/anwendungsbereiche\/industrie\/","title":{"rendered":"Industrie"},"content":{"rendered":"\t\t<div data-elementor-type=\"wp-page\" data-elementor-id=\"4373\" class=\"elementor elementor-4373 elementor-824\" data-elementor-post-type=\"page\">\n\t\t\t\t\t\t<section class=\"elementor-section elementor-top-section elementor-element elementor-element-73c632d elementor-section-height-min-height elementor-section-boxed elementor-section-height-default elementor-section-items-middle\" data-id=\"73c632d\" data-element_type=\"section\" data-settings=\"{&quot;background_background&quot;:&quot;classic&quot;}\">\n\t\t\t\t\t\t\t<div class=\"elementor-background-overlay\"><\/div>\n\t\t\t\t\t\t\t<div class=\"elementor-container elementor-column-gap-default\">\n\t\t\t\t\t<div class=\"elementor-column elementor-col-50 elementor-top-column elementor-element elementor-element-6330ddf\" data-id=\"6330ddf\" data-element_type=\"column\">\n\t\t\t<div class=\"elementor-widget-wrap elementor-element-populated\">\n\t\t\t\t\t\t<div class=\"elementor-element elementor-element-ea3eaff elementor-widget__width-initial elementor-widget elementor-widget-heading\" data-id=\"ea3eaff\" data-element_type=\"widget\" data-widget_type=\"heading.default\">\n\t\t\t\t<div class=\"elementor-widget-container\">\n\t\t\t<h1 class=\"elementor-heading-title elementor-size-default\">INDUSTRIE<\/h1>\t\t<\/div>\n\t\t\t\t<\/div>\n\t\t\t\t\t<\/div>\n\t\t<\/div>\n\t\t\t\t<div class=\"elementor-column elementor-col-50 elementor-top-column elementor-element elementor-element-6d6c509\" data-id=\"6d6c509\" data-element_type=\"column\">\n\t\t\t<div class=\"elementor-widget-wrap\">\n\t\t\t\t\t\t\t<\/div>\n\t\t<\/div>\n\t\t\t\t\t<\/div>\n\t\t<\/section>\n\t\t\t\t<section class=\"elementor-section elementor-top-section elementor-element elementor-element-d1bbc4b elementor-section-boxed elementor-section-height-default elementor-section-height-default\" data-id=\"d1bbc4b\" data-element_type=\"section\">\n\t\t\t\t\t\t<div class=\"elementor-container elementor-column-gap-default\">\n\t\t\t\t\t<div class=\"elementor-column elementor-col-50 elementor-top-column elementor-element elementor-element-16f6677\" data-id=\"16f6677\" data-element_type=\"column\">\n\t\t\t<div class=\"elementor-widget-wrap elementor-element-populated\">\n\t\t\t\t\t\t<div class=\"elementor-element elementor-element-2b5b19d elementor-widget elementor-widget-heading\" data-id=\"2b5b19d\" data-element_type=\"widget\" data-widget_type=\"heading.default\">\n\t\t\t\t<div class=\"elementor-widget-container\">\n\t\t\t<h2 class=\"elementor-heading-title elementor-size-default\">F\u00fcr die Industrie gedacht. \n\nWenn Schmutz, Fett und Staub technische und widerstandsf\u00e4hige Produkte erfordern<\/h2>\t\t<\/div>\n\t\t\t\t<\/div>\n\t\t\t\t\t<\/div>\n\t\t<\/div>\n\t\t\t\t<div class=\"elementor-column elementor-col-50 elementor-top-column elementor-element elementor-element-f6cb219\" data-id=\"f6cb219\" data-element_type=\"column\">\n\t\t\t<div class=\"elementor-widget-wrap elementor-element-populated\">\n\t\t\t\t\t\t<div class=\"elementor-element elementor-element-ddc5040 elementor-widget elementor-widget-text-editor\" data-id=\"ddc5040\" data-element_type=\"widget\" data-widget_type=\"text-editor.default\">\n\t\t\t\t<div class=\"elementor-widget-container\">\n\t\t\t\t\t\t\t<p>In einer sauberen und hygienischen Arbeitsumgebung f\u00fchlt man sich wohl und arbeitet man besser. Aber insbesondere werden die hygienischen Standards nach den einschl\u00e4gigen Normen erf\u00fcllt. Wir haben eine umfassende Palette f\u00fcr die <strong>industriellen Bereiche, Lebensmittelverarbeitung und professionelle Reinigung.<\/strong><\/p>\n<p>Produkte <strong>aus Vlies und Tissue-Papier sowie Zubeh\u00f6r<\/strong>, die speziell <strong>f\u00fcr eine bessere Reinigungsqualit\u00e4t<\/strong> entwickelt wurden.<\/p>\n\t\t\t\t\t\t<\/div>\n\t\t\t\t<\/div>\n\t\t\t\t\t<\/div>\n\t\t<\/div>\n\t\t\t\t\t<\/div>\n\t\t<\/section>\n\t\t\t\t<section class=\"elementor-section elementor-top-section elementor-element elementor-element-e10ecf3 elementor-section-boxed elementor-section-height-default elementor-section-height-default\" data-id=\"e10ecf3\" data-element_type=\"section\" data-settings=\"{&quot;background_background&quot;:&quot;classic&quot;}\">\n\t\t\t\t\t\t<div class=\"elementor-container elementor-column-gap-default\">\n\t\t\t\t\t<div class=\"elementor-column elementor-col-50 elementor-top-column elementor-element elementor-element-8029284\" data-id=\"8029284\" data-element_type=\"column\">\n\t\t\t<div class=\"elementor-widget-wrap elementor-element-populated\">\n\t\t\t\t\t\t<div class=\"elementor-element elementor-element-dbe845d elementor-widget elementor-widget-image\" data-id=\"dbe845d\" data-element_type=\"widget\" data-widget_type=\"image.default\">\n\t\t\t\t<div class=\"elementor-widget-container\">\n\t\t\t\t\t\t\t\t\t\t\t\t\t<img fetchpriority=\"high\" decoding=\"async\" width=\"427\" height=\"332\" src=\"https:\/\/www.minini.eu\/wp-content\/uploads\/2023\/08\/C-Sanifix.web-4.jpg\" class=\"attachment-large size-large wp-image-356\" alt=\"\" srcset=\"https:\/\/www.minini.eu\/wp-content\/uploads\/2023\/08\/C-Sanifix.web-4.jpg 427w, https:\/\/www.minini.eu\/wp-content\/uploads\/2023\/08\/C-Sanifix.web-4-300x233.jpg 300w\" sizes=\"(max-width: 427px) 100vw, 427px\" \/>\t\t\t\t\t\t\t\t\t\t\t\t\t<\/div>\n\t\t\t\t<\/div>\n\t\t\t\t\t<\/div>\n\t\t<\/div>\n\t\t\t\t<div class=\"elementor-column elementor-col-50 elementor-top-column elementor-element elementor-element-272b51f\" data-id=\"272b51f\" data-element_type=\"column\">\n\t\t\t<div class=\"elementor-widget-wrap elementor-element-populated\">\n\t\t\t\t\t\t<div class=\"elementor-element elementor-element-b28765b elementor-widget elementor-widget-heading\" data-id=\"b28765b\" data-element_type=\"widget\" data-widget_type=\"heading.default\">\n\t\t\t\t<div class=\"elementor-widget-container\">\n\t\t\t<h2 class=\"elementor-heading-title elementor-size-default\">ABRANEX\n<\/h2>\t\t<\/div>\n\t\t\t\t<\/div>\n\t\t\t\t<div class=\"elementor-element elementor-element-783803f elementor-widget elementor-widget-text-editor\" data-id=\"783803f\" data-element_type=\"widget\" data-widget_type=\"text-editor.default\">\n\t\t\t\t<div class=\"elementor-widget-container\">\n\t\t\t\t\t\t\t<p>Mit den Vliesputzt\u00fcchern f\u00fcr die Reinigung von H\u00e4nden, Ausr\u00fcstungen und Oberfl\u00e4chen im industriellen Bereich helfen wir Ihnen dabei, Sauberkeit am Arbeitsplatz zu optimieren.<\/p>\n<p><span style=\"mso-fareast-font-family: 'Times New Roman'; mso-bidi-font-family: Calibri; mso-bidi-theme-font: minor-latin; color: #222222; mso-font-kerning: 18.0pt; mso-fareast-language: IT;\">Schmutz und versch\u00fcttete Fl\u00fcssigkeiten werden ganz leicht entfernt. Jeder unerwartete Zwischenfall wird ohne Zeitverlust und, vor allem, ohne Stress f\u00fcrs Personal erledigt.<\/span><\/p>\n<p><span style=\"mso-fareast-font-family: 'Times New Roman'; mso-bidi-font-family: Calibri; mso-bidi-theme-font: minor-latin; color: #222222; mso-font-kerning: 18.0pt; mso-fareast-language: IT;\">ABRANEX ist einfach unverzichtbar<\/span>, mit dem praktischen Spender mit Innenabrollung f\u00fcr mehr Komfort und weniger Verschwendung!<\/p>\n\t\t\t\t\t\t<\/div>\n\t\t\t\t<\/div>\n\t\t\t\t<div class=\"elementor-element elementor-element-88c4367 elementor-widget elementor-widget-button\" data-id=\"88c4367\" data-element_type=\"widget\" data-widget_type=\"button.default\">\n\t\t\t\t<div class=\"elementor-widget-container\">\n\t\t\t\t\t<div class=\"elementor-button-wrapper\">\n\t\t\t<a class=\"elementor-button elementor-button-link elementor-size-sm\" href=\"#\">\n\t\t\t\t\t\t<span class=\"elementor-button-content-wrapper\">\n\t\t\t\t\t\t\t\t\t<span class=\"elementor-button-text\">Zum Produktdatenblatt<\/span>\n\t\t\t\t\t<\/span>\n\t\t\t\t\t<\/a>\n\t\t<\/div>\n\t\t\t\t<\/div>\n\t\t\t\t<\/div>\n\t\t\t\t\t<\/div>\n\t\t<\/div>\n\t\t\t\t\t<\/div>\n\t\t<\/section>\n\t\t\t\t<section class=\"elementor-section elementor-top-section elementor-element elementor-element-9b96e3c elementor-section-content-middle elementor-section-boxed elementor-section-height-default elementor-section-height-default\" data-id=\"9b96e3c\" data-element_type=\"section\" data-settings=\"{&quot;background_background&quot;:&quot;classic&quot;}\">\n\t\t\t\t\t\t<div class=\"elementor-container elementor-column-gap-default\">\n\t\t\t\t\t<div class=\"elementor-column elementor-col-33 elementor-top-column elementor-element elementor-element-ed38b3b\" data-id=\"ed38b3b\" data-element_type=\"column\">\n\t\t\t<div class=\"elementor-widget-wrap elementor-element-populated\">\n\t\t\t\t\t\t<div class=\"elementor-element elementor-element-d260f61 elementor-widget elementor-widget-heading\" data-id=\"d260f61\" data-element_type=\"widget\" data-widget_type=\"heading.default\">\n\t\t\t\t<div class=\"elementor-widget-container\">\n\t\t\t<h2 class=\"elementor-heading-title elementor-size-default\">Minini solutions<\/h2>\t\t<\/div>\n\t\t\t\t<\/div>\n\t\t\t\t<div class=\"elementor-element elementor-element-178bb6f elementor-widget-divider--view-line elementor-widget elementor-widget-divider\" data-id=\"178bb6f\" data-element_type=\"widget\" data-widget_type=\"divider.default\">\n\t\t\t\t<div class=\"elementor-widget-container\">\n\t\t\t\t\t<div class=\"elementor-divider\">\n\t\t\t<span class=\"elementor-divider-separator\">\n\t\t\t\t\t\t<\/span>\n\t\t<\/div>\n\t\t\t\t<\/div>\n\t\t\t\t<\/div>\n\t\t\t\t<div class=\"elementor-element elementor-element-6993344 elementor-widget elementor-widget-text-editor\" data-id=\"6993344\" data-element_type=\"widget\" data-widget_type=\"text-editor.default\">\n\t\t\t\t<div class=\"elementor-widget-container\">\n\t\t\t\t\t\t\t<p><strong>&#8222;Ordnung und Sauberkeit&#8220; hei\u00dft das Motto am Arbeitsplatz<\/strong> <strong>und in den Produktionsprozessen. <\/strong><\/p>\n<p><span style=\"background-color: transparent; font-size: 1rem;\">W\u00f6rter in Vorteile umwandeln! Saubere, aufger\u00e4umte und gut organisierte Arbeitspl\u00e4tze bringen mit sich kleine und gr\u00f6\u00dfere \u00c4nderungen, die erheblichen Einfluss auf die Verwaltungskosten, die Minimierung der Verschwendung und den Komfort f\u00fcrs Personal haben.<\/span><\/p>\n<p>Vor allem sind die Bereiche der Produktionsprozesse besonders kritisch f\u00fcr die Desinfektion, denn es besteht eine h\u00f6here Gefahr eines Wachstums von Mikroorganismen, welche die Produktionsprozesse und die Lebensmittel kontaminieren k\u00f6nnen.<\/p>\t\t\t\t\t\t<\/div>\n\t\t\t\t<\/div>\n\t\t\t\t\t<\/div>\n\t\t<\/div>\n\t\t\t\t<div class=\"elementor-column elementor-col-33 elementor-top-column elementor-element elementor-element-4e6564b\" data-id=\"4e6564b\" data-element_type=\"column\">\n\t\t\t<div class=\"elementor-widget-wrap elementor-element-populated\">\n\t\t\t\t\t\t<div class=\"elementor-element elementor-element-c005366 elementor-widget elementor-widget-image\" data-id=\"c005366\" data-element_type=\"widget\" data-widget_type=\"image.default\">\n\t\t\t\t<div class=\"elementor-widget-container\">\n\t\t\t\t\t\t\t\t\t\t\t\t\t<img decoding=\"async\" width=\"800\" height=\"891\" src=\"https:\/\/www.minini.eu\/wp-content\/uploads\/2023\/09\/Dispenser-rotoli-ind_muro_Resize-1-919x1024.jpg\" class=\"attachment-large size-large wp-image-1431\" alt=\"\" srcset=\"https:\/\/www.minini.eu\/wp-content\/uploads\/2023\/09\/Dispenser-rotoli-ind_muro_Resize-1-919x1024.jpg 919w, https:\/\/www.minini.eu\/wp-content\/uploads\/2023\/09\/Dispenser-rotoli-ind_muro_Resize-1-269x300.jpg 269w, https:\/\/www.minini.eu\/wp-content\/uploads\/2023\/09\/Dispenser-rotoli-ind_muro_Resize-1-768x856.jpg 768w, https:\/\/www.minini.eu\/wp-content\/uploads\/2023\/09\/Dispenser-rotoli-ind_muro_Resize-1.jpg 1085w\" sizes=\"(max-width: 800px) 100vw, 800px\" \/>\t\t\t\t\t\t\t\t\t\t\t\t\t<\/div>\n\t\t\t\t<\/div>\n\t\t\t\t\t<\/div>\n\t\t<\/div>\n\t\t\t\t<div class=\"elementor-column elementor-col-33 elementor-top-column elementor-element elementor-element-f97f279\" data-id=\"f97f279\" data-element_type=\"column\">\n\t\t\t<div class=\"elementor-widget-wrap elementor-element-populated\">\n\t\t\t\t\t\t<div class=\"elementor-element elementor-element-8607179 elementor-widget elementor-widget-image\" data-id=\"8607179\" data-element_type=\"widget\" data-widget_type=\"image.default\">\n\t\t\t\t<div class=\"elementor-widget-container\">\n\t\t\t\t\t\t\t\t\t\t\t\t\t<img decoding=\"async\" width=\"800\" height=\"541\" src=\"https:\/\/www.minini.eu\/wp-content\/uploads\/2023\/09\/Dispenser-rotoli-ind__stand_Resize-1024x693.jpg\" class=\"attachment-large size-large wp-image-1428\" alt=\"\" srcset=\"https:\/\/www.minini.eu\/wp-content\/uploads\/2023\/09\/Dispenser-rotoli-ind__stand_Resize-1024x693.jpg 1024w, https:\/\/www.minini.eu\/wp-content\/uploads\/2023\/09\/Dispenser-rotoli-ind__stand_Resize-300x203.jpg 300w, https:\/\/www.minini.eu\/wp-content\/uploads\/2023\/09\/Dispenser-rotoli-ind__stand_Resize-768x520.jpg 768w, https:\/\/www.minini.eu\/wp-content\/uploads\/2023\/09\/Dispenser-rotoli-ind__stand_Resize-1536x1040.jpg 1536w, https:\/\/www.minini.eu\/wp-content\/uploads\/2023\/09\/Dispenser-rotoli-ind__stand_Resize.jpg 1595w\" sizes=\"(max-width: 800px) 100vw, 800px\" \/>\t\t\t\t\t\t\t\t\t\t\t\t\t<\/div>\n\t\t\t\t<\/div>\n\t\t\t\t\t<\/div>\n\t\t<\/div>\n\t\t\t\t\t<\/div>\n\t\t<\/section>\n\t\t\t\t<section class=\"elementor-section elementor-top-section elementor-element elementor-element-dc9a586 elementor-section-boxed elementor-section-height-default elementor-section-height-default\" data-id=\"dc9a586\" data-element_type=\"section\">\n\t\t\t\t\t\t\t<div class=\"elementor-background-overlay\"><\/div>\n\t\t\t\t\t\t\t<div class=\"elementor-container elementor-column-gap-default\">\n\t\t\t\t\t<div class=\"elementor-column elementor-col-100 elementor-top-column elementor-element elementor-element-5db6fa8\" data-id=\"5db6fa8\" data-element_type=\"column\" data-settings=\"{&quot;background_background&quot;:&quot;classic&quot;}\">\n\t\t\t<div class=\"elementor-widget-wrap elementor-element-populated\">\n\t\t\t\t\t<div class=\"elementor-background-overlay\"><\/div>\n\t\t\t\t\t\t<div class=\"elementor-element elementor-element-46013e7 elementor-widget elementor-widget-heading\" data-id=\"46013e7\" data-element_type=\"widget\" data-widget_type=\"heading.default\">\n\t\t\t\t<div class=\"elementor-widget-container\">\n\t\t\t<h2 class=\"elementor-heading-title elementor-size-default\">Produkte<\/h2>\t\t<\/div>\n\t\t\t\t<\/div>\n\t\t\t\t<div class=\"elementor-element elementor-element-2bd525d elementor-widget elementor-widget-text-editor\" data-id=\"2bd525d\" data-element_type=\"widget\" data-widget_type=\"text-editor.default\">\n\t\t\t\t<div class=\"elementor-widget-container\">\n\t\t\t\t\t\t\t<p>Entdecken Sie unsere Produkte f\u00fcr die Industrie<\/p>\n\t\t\t\t\t\t<\/div>\n\t\t\t\t<\/div>\n\t\t\t\t\t<\/div>\n\t\t<\/div>\n\t\t\t\t\t<\/div>\n\t\t<\/section>\n\t\t\t\t<section class=\"elementor-section elementor-top-section elementor-element elementor-element-4303543 elementor-section-boxed elementor-section-height-default elementor-section-height-default\" data-id=\"4303543\" data-element_type=\"section\">\n\t\t\t\t\t\t<div class=\"elementor-container elementor-column-gap-default\">\n\t\t\t\t\t<div class=\"elementor-column elementor-col-100 elementor-top-column elementor-element elementor-element-ed9ac87\" data-id=\"ed9ac87\" data-element_type=\"column\">\n\t\t\t<div class=\"elementor-widget-wrap elementor-element-populated\">\n\t\t\t\t\t\t<div class=\"elementor-element elementor-element-0af139a elementor-widget elementor-widget-heading\" data-id=\"0af139a\" data-element_type=\"widget\" data-widget_type=\"heading.default\">\n\t\t\t\t<div class=\"elementor-widget-container\">\n\t\t\t<h2 class=\"elementor-heading-title elementor-size-default\">Die Vorteile des Minini Angebots<\/h2>\t\t<\/div>\n\t\t\t\t<\/div>\n\t\t\t\t<div class=\"elementor-element elementor-element-3d424fc elementor-widget-divider--view-line elementor-widget elementor-widget-divider\" data-id=\"3d424fc\" data-element_type=\"widget\" data-widget_type=\"divider.default\">\n\t\t\t\t<div class=\"elementor-widget-container\">\n\t\t\t\t\t<div class=\"elementor-divider\">\n\t\t\t<span class=\"elementor-divider-separator\">\n\t\t\t\t\t\t<\/span>\n\t\t<\/div>\n\t\t\t\t<\/div>\n\t\t\t\t<\/div>\n\t\t\t\t<div class=\"elementor-element elementor-element-49bd6cd elementor-widget elementor-widget-text-editor\" data-id=\"49bd6cd\" data-element_type=\"widget\" data-widget_type=\"text-editor.default\">\n\t\t\t\t<div class=\"elementor-widget-container\">\n\t\t\t\t\t\t\t<p><strong>Unsere Erfahrung in der Hygiene, Ihre Sicherheit in den Prozessen.<\/strong><\/p>\n<p>\u00dcberall, wo die Hygiene der H\u00e4nde sowie eine gr\u00fcndliche Reinigung der Ausr\u00fcstungen und Produktionsprozessen erfordert werden, sind robuste Produkte aus Tissue-Papier und Vliest\u00fccher unerl\u00e4sslich, die f\u00fcr die Aufsaugung von Fett, \u00d6l und versch\u00fctteten Fl\u00fcssigkeiten geeignet sind. Mit den Produkten der Firma Minini haben Sie alles griffbereit, ohne zeitaufw\u00e4ndige Hin und Her dank der <em>Spender und des Zubeh\u00f6rs<\/em> unserer umfassenden Palette.<\/p>\n<p>&gt; <strong>Hohe Hygienestandards<\/strong><\/p>\n<p>&gt; <strong>Speziell entwickelte<\/strong> Produkte zur Erleichterung der Reinigungs- und Desinfektionsaufgaben<\/p>\n<p>&gt;<strong> Ergonomisch und praktisch<\/strong><\/p>\n<p>&gt; Suche nach <strong>Fachprodukten<\/strong>, die zur Sicherheit der Produktionsprozesse und des Personals beitragen<\/p>\n\t\t\t\t\t\t<\/div>\n\t\t\t\t<\/div>\n\t\t\t\t\t<\/div>\n\t\t<\/div>\n\t\t\t\t\t<\/div>\n\t\t<\/section>\n\t\t<div class=\"elementor-element elementor-element-b3518ba e-flex e-con-boxed e-con e-parent\" data-id=\"b3518ba\" data-element_type=\"container\">\n\t\t\t\t\t<div class=\"e-con-inner\">\n\t\t\t\t\t<\/div>\n\t\t\t\t<\/div>\n\t\t\t\t<\/div>\n\t\t","protected":false},"excerpt":{"rendered":"<p>INDUSTRIE F\u00fcr die Industrie gedacht. Wenn Schmutz, Fett und Staub technische und widerstandsf\u00e4hige Produkte erfordern In einer sauberen und hygienischen Arbeitsumgebung f\u00fchlt man sich wohl und arbeitet man besser. Aber insbesondere werden die hygienischen Standards nach den einschl\u00e4gigen Normen erf\u00fcllt. Wir haben eine umfassende Palette f\u00fcr die industriellen Bereiche, Lebensmittelverarbeitung und professionelle Reinigung. Produkte aus [&hellip;]<\/p>\n","protected":false},"author":5,"featured_media":356,"parent":4359,"menu_order":0,"comment_status":"closed","ping_status":"closed","template":"","meta":{"iawp_total_views":41,"footnotes":""},"aree":[],"class_list":["post-4373","page","type-page","status-publish","has-post-thumbnail","hentry"],"acf":[],"yoast_head":"<!-- This site is optimized with the Yoast SEO plugin v21.1 - https:\/\/yoast.com\/wordpress\/plugins\/seo\/ -->\n<title>Industrie - Minini<\/title>\n<meta name=\"robots\" content=\"index, follow, max-snippet:-1, max-image-preview:large, max-video-preview:-1\" \/>\n<link rel=\"canonical\" href=\"https:\/\/www.minini.eu\/de\/anwendungsbereiche\/industrie\/\" \/>\n<meta property=\"og:locale\" content=\"de_DE\" \/>\n<meta property=\"og:type\" content=\"article\" \/>\n<meta property=\"og:title\" content=\"Industrie - Minini\" \/>\n<meta property=\"og:description\" content=\"INDUSTRIE F\u00fcr die Industrie gedacht. Wenn Schmutz, Fett und Staub technische und widerstandsf\u00e4hige Produkte erfordern In einer sauberen und hygienischen Arbeitsumgebung f\u00fchlt man sich wohl und arbeitet man besser. Aber insbesondere werden die hygienischen Standards nach den einschl\u00e4gigen Normen erf\u00fcllt. Wir haben eine umfassende Palette f\u00fcr die industriellen Bereiche, Lebensmittelverarbeitung und professionelle Reinigung. Produkte aus [&hellip;]\" \/>\n<meta property=\"og:url\" content=\"https:\/\/www.minini.eu\/de\/anwendungsbereiche\/industrie\/\" \/>\n<meta property=\"og:site_name\" content=\"Minini\" \/>\n<meta property=\"article:modified_time\" content=\"2025-11-10T11:31:05+00:00\" \/>\n<meta property=\"og:image\" content=\"https:\/\/www.minini.eu\/wp-content\/uploads\/2023\/08\/C-Sanifix.web-4.jpg\" \/>\n\t<meta property=\"og:image:width\" content=\"427\" \/>\n\t<meta property=\"og:image:height\" content=\"332\" \/>\n\t<meta property=\"og:image:type\" content=\"image\/jpeg\" \/>\n<meta name=\"twitter:card\" content=\"summary_large_image\" \/>\n<meta name=\"twitter:label1\" content=\"Gesch\u00e4tzte Lesezeit\" \/>\n\t<meta name=\"twitter:data1\" content=\"8\u00a0Minuten\" \/>\n<script type=\"application\/ld+json\" class=\"yoast-schema-graph\">{\"@context\":\"https:\/\/schema.org\",\"@graph\":[{\"@type\":\"WebPage\",\"@id\":\"https:\/\/www.minini.eu\/de\/anwendungsbereiche\/industrie\/\",\"url\":\"https:\/\/www.minini.eu\/de\/anwendungsbereiche\/industrie\/\",\"name\":\"Industrie - Minini\",\"isPartOf\":{\"@id\":\"https:\/\/3.74.132.144\/#website\"},\"datePublished\":\"2023-09-19T05:20:37+00:00\",\"dateModified\":\"2025-11-10T11:31:05+00:00\",\"breadcrumb\":{\"@id\":\"https:\/\/www.minini.eu\/de\/anwendungsbereiche\/industrie\/#breadcrumb\"},\"inLanguage\":\"de\",\"potentialAction\":[{\"@type\":\"ReadAction\",\"target\":[\"https:\/\/www.minini.eu\/de\/anwendungsbereiche\/industrie\/\"]}]},{\"@type\":\"BreadcrumbList\",\"@id\":\"https:\/\/www.minini.eu\/de\/anwendungsbereiche\/industrie\/#breadcrumb\",\"itemListElement\":[{\"@type\":\"ListItem\",\"position\":1,\"name\":\"Home\",\"item\":\"https:\/\/www.minini.eu\/de\/\"},{\"@type\":\"ListItem\",\"position\":2,\"name\":\"ANWENDUNGSBEREICHE\",\"item\":\"https:\/\/www.minini.eu\/de\/anwendungsbereiche\/\"},{\"@type\":\"ListItem\",\"position\":3,\"name\":\"Industrie\"}]},{\"@type\":\"WebSite\",\"@id\":\"https:\/\/3.74.132.144\/#website\",\"url\":\"https:\/\/3.74.132.144\/\",\"name\":\"Minini\",\"description\":\"Paper flowers\",\"publisher\":{\"@id\":\"https:\/\/3.74.132.144\/#organization\"},\"potentialAction\":[{\"@type\":\"SearchAction\",\"target\":{\"@type\":\"EntryPoint\",\"urlTemplate\":\"https:\/\/3.74.132.144\/?s={search_term_string}\"},\"query-input\":\"required name=search_term_string\"}],\"inLanguage\":\"de\"},{\"@type\":\"Organization\",\"@id\":\"https:\/\/3.74.132.144\/#organization\",\"name\":\"Minini\",\"url\":\"https:\/\/3.74.132.144\/\",\"logo\":{\"@type\":\"ImageObject\",\"inLanguage\":\"de\",\"@id\":\"https:\/\/3.74.132.144\/#\/schema\/logo\/image\/\",\"url\":\"https:\/\/www.minini.eu\/wp-content\/uploads\/2023\/07\/logo_minini.svg\",\"contentUrl\":\"https:\/\/www.minini.eu\/wp-content\/uploads\/2023\/07\/logo_minini.svg\",\"width\":260,\"height\":51,\"caption\":\"Minini\"},\"image\":{\"@id\":\"https:\/\/3.74.132.144\/#\/schema\/logo\/image\/\"}}]}<\/script>\n<!-- \/ Yoast SEO plugin. -->","yoast_head_json":{"title":"Industrie - Minini","robots":{"index":"index","follow":"follow","max-snippet":"max-snippet:-1","max-image-preview":"max-image-preview:large","max-video-preview":"max-video-preview:-1"},"canonical":"https:\/\/www.minini.eu\/de\/anwendungsbereiche\/industrie\/","og_locale":"de_DE","og_type":"article","og_title":"Industrie - Minini","og_description":"INDUSTRIE F\u00fcr die Industrie gedacht. Wenn Schmutz, Fett und Staub technische und widerstandsf\u00e4hige Produkte erfordern In einer sauberen und hygienischen Arbeitsumgebung f\u00fchlt man sich wohl und arbeitet man besser. Aber insbesondere werden die hygienischen Standards nach den einschl\u00e4gigen Normen erf\u00fcllt. Wir haben eine umfassende Palette f\u00fcr die industriellen Bereiche, Lebensmittelverarbeitung und professionelle Reinigung. Produkte aus [&hellip;]","og_url":"https:\/\/www.minini.eu\/de\/anwendungsbereiche\/industrie\/","og_site_name":"Minini","article_modified_time":"2025-11-10T11:31:05+00:00","og_image":[{"width":427,"height":332,"url":"https:\/\/www.minini.eu\/wp-content\/uploads\/2023\/08\/C-Sanifix.web-4.jpg","type":"image\/jpeg"}],"twitter_card":"summary_large_image","twitter_misc":{"Gesch\u00e4tzte Lesezeit":"8\u00a0Minuten"},"schema":{"@context":"https:\/\/schema.org","@graph":[{"@type":"WebPage","@id":"https:\/\/www.minini.eu\/de\/anwendungsbereiche\/industrie\/","url":"https:\/\/www.minini.eu\/de\/anwendungsbereiche\/industrie\/","name":"Industrie - Minini","isPartOf":{"@id":"https:\/\/3.74.132.144\/#website"},"datePublished":"2023-09-19T05:20:37+00:00","dateModified":"2025-11-10T11:31:05+00:00","breadcrumb":{"@id":"https:\/\/www.minini.eu\/de\/anwendungsbereiche\/industrie\/#breadcrumb"},"inLanguage":"de","potentialAction":[{"@type":"ReadAction","target":["https:\/\/www.minini.eu\/de\/anwendungsbereiche\/industrie\/"]}]},{"@type":"BreadcrumbList","@id":"https:\/\/www.minini.eu\/de\/anwendungsbereiche\/industrie\/#breadcrumb","itemListElement":[{"@type":"ListItem","position":1,"name":"Home","item":"https:\/\/www.minini.eu\/de\/"},{"@type":"ListItem","position":2,"name":"ANWENDUNGSBEREICHE","item":"https:\/\/www.minini.eu\/de\/anwendungsbereiche\/"},{"@type":"ListItem","position":3,"name":"Industrie"}]},{"@type":"WebSite","@id":"https:\/\/3.74.132.144\/#website","url":"https:\/\/3.74.132.144\/","name":"Minini","description":"Paper flowers","publisher":{"@id":"https:\/\/3.74.132.144\/#organization"},"potentialAction":[{"@type":"SearchAction","target":{"@type":"EntryPoint","urlTemplate":"https:\/\/3.74.132.144\/?s={search_term_string}"},"query-input":"required name=search_term_string"}],"inLanguage":"de"},{"@type":"Organization","@id":"https:\/\/3.74.132.144\/#organization","name":"Minini","url":"https:\/\/3.74.132.144\/","logo":{"@type":"ImageObject","inLanguage":"de","@id":"https:\/\/3.74.132.144\/#\/schema\/logo\/image\/","url":"https:\/\/www.minini.eu\/wp-content\/uploads\/2023\/07\/logo_minini.svg","contentUrl":"https:\/\/www.minini.eu\/wp-content\/uploads\/2023\/07\/logo_minini.svg","width":260,"height":51,"caption":"Minini"},"image":{"@id":"https:\/\/3.74.132.144\/#\/schema\/logo\/image\/"}}]}},"_links":{"self":[{"href":"https:\/\/www.minini.eu\/de\/wp-json\/wp\/v2\/pages\/4373"}],"collection":[{"href":"https:\/\/www.minini.eu\/de\/wp-json\/wp\/v2\/pages"}],"about":[{"href":"https:\/\/www.minini.eu\/de\/wp-json\/wp\/v2\/types\/page"}],"author":[{"embeddable":true,"href":"https:\/\/www.minini.eu\/de\/wp-json\/wp\/v2\/users\/5"}],"replies":[{"embeddable":true,"href":"https:\/\/www.minini.eu\/de\/wp-json\/wp\/v2\/comments?post=4373"}],"version-history":[{"count":27,"href":"https:\/\/www.minini.eu\/de\/wp-json\/wp\/v2\/pages\/4373\/revisions"}],"predecessor-version":[{"id":13838,"href":"https:\/\/www.minini.eu\/de\/wp-json\/wp\/v2\/pages\/4373\/revisions\/13838"}],"up":[{"embeddable":true,"href":"https:\/\/www.minini.eu\/de\/wp-json\/wp\/v2\/pages\/4359"}],"wp:featuredmedia":[{"embeddable":true,"href":"https:\/\/www.minini.eu\/de\/wp-json\/wp\/v2\/media\/356"}],"wp:attachment":[{"href":"https:\/\/www.minini.eu\/de\/wp-json\/wp\/v2\/media?parent=4373"}],"wp:term":[{"taxonomy":"aree","embeddable":true,"href":"https:\/\/www.minini.eu\/de\/wp-json\/wp\/v2\/aree?post=4373"}],"curies":[{"name":"wp","href":"https:\/\/api.w.org\/{rel}","templated":true}]}}