{"id":4385,"date":"2023-10-16T10:34:58","date_gmt":"2023-10-16T08:34:58","guid":{"rendered":"https:\/\/dev.aipem.it\/minini\/anwendungsbereiche\/veterinaerwesen\/"},"modified":"2025-02-06T10:52:47","modified_gmt":"2025-02-06T09:52:47","slug":"veterinaerwesen","status":"publish","type":"page","link":"https:\/\/www.minini.eu\/de\/anwendungsbereiche\/veterinaerwesen\/","title":{"rendered":"Veterin\u00e4rwesen"},"content":{"rendered":"\t\t<div data-elementor-type=\"wp-page\" data-elementor-id=\"4385\" class=\"elementor elementor-4385 elementor-2471\" data-elementor-post-type=\"page\">\n\t\t\t\t\t\t<section class=\"elementor-section elementor-top-section elementor-element elementor-element-73c632d elementor-section-height-min-height elementor-section-boxed elementor-section-height-default elementor-section-items-middle\" data-id=\"73c632d\" data-element_type=\"section\" data-settings=\"{&quot;background_background&quot;:&quot;classic&quot;}\">\n\t\t\t\t\t\t\t<div class=\"elementor-background-overlay\"><\/div>\n\t\t\t\t\t\t\t<div class=\"elementor-container elementor-column-gap-default\">\n\t\t\t\t\t<div class=\"elementor-column elementor-col-50 elementor-top-column elementor-element elementor-element-6330ddf\" data-id=\"6330ddf\" data-element_type=\"column\">\n\t\t\t<div class=\"elementor-widget-wrap elementor-element-populated\">\n\t\t\t\t\t\t<div class=\"elementor-element elementor-element-ea3eaff elementor-widget__width-initial elementor-widget elementor-widget-heading\" data-id=\"ea3eaff\" data-element_type=\"widget\" data-widget_type=\"heading.default\">\n\t\t\t\t<div class=\"elementor-widget-container\">\n\t\t\t<h2 class=\"elementor-heading-title elementor-size-default\">VETERIN\u00c4RWESEN<\/h2>\t\t<\/div>\n\t\t\t\t<\/div>\n\t\t\t\t\t<\/div>\n\t\t<\/div>\n\t\t\t\t<div class=\"elementor-column elementor-col-50 elementor-top-column elementor-element elementor-element-6d6c509\" data-id=\"6d6c509\" data-element_type=\"column\">\n\t\t\t<div class=\"elementor-widget-wrap\">\n\t\t\t\t\t\t\t<\/div>\n\t\t<\/div>\n\t\t\t\t\t<\/div>\n\t\t<\/section>\n\t\t\t\t<section class=\"elementor-section elementor-top-section elementor-element elementor-element-d1bbc4b elementor-section-boxed elementor-section-height-default elementor-section-height-default\" data-id=\"d1bbc4b\" data-element_type=\"section\">\n\t\t\t\t\t\t<div class=\"elementor-container elementor-column-gap-default\">\n\t\t\t\t\t<div class=\"elementor-column elementor-col-50 elementor-top-column elementor-element elementor-element-16f6677\" data-id=\"16f6677\" data-element_type=\"column\">\n\t\t\t<div class=\"elementor-widget-wrap elementor-element-populated\">\n\t\t\t\t\t\t<div class=\"elementor-element elementor-element-2b5b19d elementor-widget elementor-widget-heading\" data-id=\"2b5b19d\" data-element_type=\"widget\" data-widget_type=\"heading.default\">\n\t\t\t\t<div class=\"elementor-widget-container\">\n\t\t\t<h2 class=\"elementor-heading-title elementor-size-default\">Produkte zur Erleichterung der Hygiene und Reinigung in Tierarztpraxen<\/h2>\t\t<\/div>\n\t\t\t\t<\/div>\n\t\t\t\t\t<\/div>\n\t\t<\/div>\n\t\t\t\t<div class=\"elementor-column elementor-col-50 elementor-top-column elementor-element elementor-element-f6cb219\" data-id=\"f6cb219\" data-element_type=\"column\">\n\t\t\t<div class=\"elementor-widget-wrap elementor-element-populated\">\n\t\t\t\t\t\t<div class=\"elementor-element elementor-element-ddc5040 elementor-widget elementor-widget-text-editor\" data-id=\"ddc5040\" data-element_type=\"widget\" data-widget_type=\"text-editor.default\">\n\t\t\t\t<div class=\"elementor-widget-container\">\n\t\t\t\t\t\t\t<p><strong>Vliest\u00fccher, Produkte aus Tissue-Papier, Zubeh\u00f6r und Systeme<\/strong>, die speziell <strong>f\u00fcr eine bessere Desinfektionsqualit\u00e4t<\/strong> und Tierhygiene in kleinen und gro\u00dfen tier\u00e4rztlichen Kliniken und -praxen entwickelt wurden.<\/p>\n<p>Wir bieten Produkte an, die die Reinigung zwischen den Untersuchungen erleichtern und gleichzeitig die h\u00f6chste Sicherheit und Komfort in Umgebungen mit Tieren gew\u00e4hrleisten.<\/p>\n\t\t\t\t\t\t<\/div>\n\t\t\t\t<\/div>\n\t\t\t\t\t<\/div>\n\t\t<\/div>\n\t\t\t\t\t<\/div>\n\t\t<\/section>\n\t\t\t\t<section class=\"elementor-section elementor-top-section elementor-element elementor-element-e10ecf3 elementor-section-boxed elementor-section-height-default elementor-section-height-default\" data-id=\"e10ecf3\" data-element_type=\"section\" data-settings=\"{&quot;background_background&quot;:&quot;classic&quot;}\">\n\t\t\t\t\t\t<div class=\"elementor-container elementor-column-gap-default\">\n\t\t\t\t\t<div class=\"elementor-column elementor-col-50 elementor-top-column elementor-element elementor-element-8029284\" data-id=\"8029284\" data-element_type=\"column\">\n\t\t\t<div class=\"elementor-widget-wrap elementor-element-populated\">\n\t\t\t\t\t\t<div class=\"elementor-element elementor-element-dbe845d elementor-widget elementor-widget-image\" data-id=\"dbe845d\" data-element_type=\"widget\" data-widget_type=\"image.default\">\n\t\t\t\t<div class=\"elementor-widget-container\">\n\t\t\t\t\t\t\t\t\t\t\t\t\t<img fetchpriority=\"high\" decoding=\"async\" width=\"683\" height=\"1024\" src=\"https:\/\/www.minini.eu\/wp-content\/uploads\/2024\/09\/nexwoven_dettaglio_I1A7394-Modifica.jpg\" class=\"attachment-large size-large wp-image-6797\" alt=\"nexwoven Vliestuch f\u00fcr die Reinigung und Desinfektion von Oberfl\u00e4chen, nimmt die L\u00f6sung auf und gibt sie auf der zu behandelnden Oberfl\u00e4che schrittweise ab\" srcset=\"https:\/\/www.minini.eu\/wp-content\/uploads\/2024\/09\/nexwoven_dettaglio_I1A7394-Modifica.jpg 683w, https:\/\/www.minini.eu\/wp-content\/uploads\/2024\/09\/nexwoven_dettaglio_I1A7394-Modifica-200x300.jpg 200w\" sizes=\"(max-width: 683px) 100vw, 683px\" \/>\t\t\t\t\t\t\t\t\t\t\t\t\t<\/div>\n\t\t\t\t<\/div>\n\t\t\t\t\t<\/div>\n\t\t<\/div>\n\t\t\t\t<div class=\"elementor-column elementor-col-50 elementor-top-column elementor-element elementor-element-272b51f\" data-id=\"272b51f\" data-element_type=\"column\">\n\t\t\t<div class=\"elementor-widget-wrap elementor-element-populated\">\n\t\t\t\t\t\t<div class=\"elementor-element elementor-element-b28765b elementor-widget elementor-widget-heading\" data-id=\"b28765b\" data-element_type=\"widget\" data-widget_type=\"heading.default\">\n\t\t\t\t<div class=\"elementor-widget-container\">\n\t\t\t<h2 class=\"elementor-heading-title elementor-size-default\">Die Nexwoven\u00ae Linie f\u00fcr die Desinfektion von Oberfl\u00e4chen<\/h2>\t\t<\/div>\n\t\t\t\t<\/div>\n\t\t\t\t<div class=\"elementor-element elementor-element-783803f elementor-widget elementor-widget-text-editor\" data-id=\"783803f\" data-element_type=\"widget\" data-widget_type=\"text-editor.default\">\n\t\t\t\t<div class=\"elementor-widget-container\">\n\t\t\t\t\t\t\t<p>Unsere Produkte wurden speziell f\u00fcrs Veterin\u00e4rwesen entwickelt, zur Erf\u00fcllung der Anforderungen an Reinigung, Desinfektion und Verhinderung von Kreuzkontamination: Hoch wirksam und sicher, mit dieser Linie wird die Reinigung effektiver gemacht.<\/p>\n<p>Eine echte Weiterentwicklung im Desinfektionssystem mit einer professionellen Produktreihe, <strong> die eine perfekt ausgewogene Kombination aus Hygiene, Sicherheit und Qualit\u00e4t darstellt . <\/strong><\/p>\n\t\t\t\t\t\t<\/div>\n\t\t\t\t<\/div>\n\t\t\t\t<div class=\"elementor-element elementor-element-7d7bdfb elementor-widget elementor-widget-button\" data-id=\"7d7bdfb\" data-element_type=\"widget\" data-widget_type=\"button.default\">\n\t\t\t\t<div class=\"elementor-widget-container\">\n\t\t\t\t\t<div class=\"elementor-button-wrapper\">\n\t\t\t<a class=\"elementor-button elementor-button-link elementor-size-sm\" href=\"https:\/\/minini.eu\/de\/produktkategorie\/panni-piegati-a-v-in-rotolo-de\/\">\n\t\t\t\t\t\t<span class=\"elementor-button-content-wrapper\">\n\t\t\t\t\t\t\t\t\t<span class=\"elementor-button-text\">Entdecken Sie die umfassende Nexwoven\u00ae Linie<\/span>\n\t\t\t\t\t<\/span>\n\t\t\t\t\t<\/a>\n\t\t<\/div>\n\t\t\t\t<\/div>\n\t\t\t\t<\/div>\n\t\t\t\t\t<\/div>\n\t\t<\/div>\n\t\t\t\t\t<\/div>\n\t\t<\/section>\n\t\t\t\t<section class=\"elementor-section elementor-top-section elementor-element elementor-element-9b96e3c elementor-hidden-desktop elementor-hidden-tablet elementor-hidden-mobile elementor-section-boxed elementor-section-height-default elementor-section-height-default\" data-id=\"9b96e3c\" data-element_type=\"section\" data-settings=\"{&quot;background_background&quot;:&quot;gradient&quot;}\">\n\t\t\t\t\t\t<div class=\"elementor-container elementor-column-gap-default\">\n\t\t\t\t\t<div class=\"elementor-column elementor-col-33 elementor-top-column elementor-element elementor-element-ed38b3b\" data-id=\"ed38b3b\" data-element_type=\"column\">\n\t\t\t<div class=\"elementor-widget-wrap elementor-element-populated\">\n\t\t\t\t\t\t<div class=\"elementor-element elementor-element-d260f61 elementor-widget elementor-widget-heading\" data-id=\"d260f61\" data-element_type=\"widget\" data-widget_type=\"heading.default\">\n\t\t\t\t<div class=\"elementor-widget-container\">\n\t\t\t<h2 class=\"elementor-heading-title elementor-size-default\">Minini solutions<\/h2>\t\t<\/div>\n\t\t\t\t<\/div>\n\t\t\t\t<div class=\"elementor-element elementor-element-178bb6f elementor-widget-divider--view-line elementor-widget elementor-widget-divider\" data-id=\"178bb6f\" data-element_type=\"widget\" data-widget_type=\"divider.default\">\n\t\t\t\t<div class=\"elementor-widget-container\">\n\t\t\t\t\t<div class=\"elementor-divider\">\n\t\t\t<span class=\"elementor-divider-separator\">\n\t\t\t\t\t\t<\/span>\n\t\t<\/div>\n\t\t\t\t<\/div>\n\t\t\t\t<\/div>\n\t\t\t\t\t<\/div>\n\t\t<\/div>\n\t\t\t\t<div class=\"elementor-column elementor-col-33 elementor-top-column elementor-element elementor-element-4e6564b\" data-id=\"4e6564b\" data-element_type=\"column\">\n\t\t\t<div class=\"elementor-widget-wrap elementor-element-populated\">\n\t\t\t\t\t\t<div class=\"elementor-element elementor-element-c005366 elementor-widget elementor-widget-image\" data-id=\"c005366\" data-element_type=\"widget\" data-widget_type=\"image.default\">\n\t\t\t\t<div class=\"elementor-widget-container\">\n\t\t\t\t\t\t\t\t\t\t\t\t\t<img decoding=\"async\" width=\"800\" height=\"532\" src=\"https:\/\/www.minini.eu\/wp-content\/uploads\/2024\/09\/veterinario03-1024x681.jpg\" class=\"attachment-large size-large wp-image-7220\" alt=\"Veterinario\" srcset=\"https:\/\/www.minini.eu\/wp-content\/uploads\/2024\/09\/veterinario03-1024x681.jpg 1024w, https:\/\/www.minini.eu\/wp-content\/uploads\/2024\/09\/veterinario03-300x200.jpg 300w, https:\/\/www.minini.eu\/wp-content\/uploads\/2024\/09\/veterinario03-768x511.jpg 768w, https:\/\/www.minini.eu\/wp-content\/uploads\/2024\/09\/veterinario03-1536x1022.jpg 1536w, https:\/\/www.minini.eu\/wp-content\/uploads\/2024\/09\/veterinario03-2048x1363.jpg 2048w\" sizes=\"(max-width: 800px) 100vw, 800px\" \/>\t\t\t\t\t\t\t\t\t\t\t\t\t<\/div>\n\t\t\t\t<\/div>\n\t\t\t\t\t<\/div>\n\t\t<\/div>\n\t\t\t\t<div class=\"elementor-column elementor-col-33 elementor-top-column elementor-element elementor-element-7e6c54f\" data-id=\"7e6c54f\" data-element_type=\"column\">\n\t\t\t<div class=\"elementor-widget-wrap elementor-element-populated\">\n\t\t\t\t\t\t<div class=\"elementor-element elementor-element-e024f8a elementor-widget elementor-widget-image\" data-id=\"e024f8a\" data-element_type=\"widget\" data-widget_type=\"image.default\">\n\t\t\t\t<div class=\"elementor-widget-container\">\n\t\t\t\t\t\t\t\t\t\t\t\t\t<img decoding=\"async\" width=\"800\" height=\"534\" src=\"https:\/\/www.minini.eu\/wp-content\/uploads\/2024\/09\/veterinario06-1024x683.jpg\" class=\"attachment-large size-large wp-image-7224\" alt=\"French Bulldog Dog\" srcset=\"https:\/\/www.minini.eu\/wp-content\/uploads\/2024\/09\/veterinario06-1024x683.jpg 1024w, https:\/\/www.minini.eu\/wp-content\/uploads\/2024\/09\/veterinario06-300x200.jpg 300w, https:\/\/www.minini.eu\/wp-content\/uploads\/2024\/09\/veterinario06-768x512.jpg 768w, https:\/\/www.minini.eu\/wp-content\/uploads\/2024\/09\/veterinario06-1536x1024.jpg 1536w, https:\/\/www.minini.eu\/wp-content\/uploads\/2024\/09\/veterinario06-2048x1365.jpg 2048w\" sizes=\"(max-width: 800px) 100vw, 800px\" \/>\t\t\t\t\t\t\t\t\t\t\t\t\t<\/div>\n\t\t\t\t<\/div>\n\t\t\t\t\t<\/div>\n\t\t<\/div>\n\t\t\t\t\t<\/div>\n\t\t<\/section>\n\t\t\t\t<section class=\"elementor-section elementor-top-section elementor-element elementor-element-cb574a9 elementor-section-boxed elementor-section-height-default elementor-section-height-default\" data-id=\"cb574a9\" data-element_type=\"section\">\n\t\t\t\t\t\t\t<div class=\"elementor-background-overlay\"><\/div>\n\t\t\t\t\t\t\t<div class=\"elementor-container elementor-column-gap-default\">\n\t\t\t\t\t<div class=\"elementor-column elementor-col-100 elementor-top-column elementor-element elementor-element-205fc26\" data-id=\"205fc26\" data-element_type=\"column\" data-settings=\"{&quot;background_background&quot;:&quot;classic&quot;}\">\n\t\t\t<div class=\"elementor-widget-wrap elementor-element-populated\">\n\t\t\t\t\t<div class=\"elementor-background-overlay\"><\/div>\n\t\t\t\t\t\t<div class=\"elementor-element elementor-element-0769814 elementor-widget elementor-widget-heading\" data-id=\"0769814\" data-element_type=\"widget\" data-widget_type=\"heading.default\">\n\t\t\t\t<div class=\"elementor-widget-container\">\n\t\t\t<h2 class=\"elementor-heading-title elementor-size-default\">Produkte<\/h2>\t\t<\/div>\n\t\t\t\t<\/div>\n\t\t\t\t<div class=\"elementor-element elementor-element-9e30744 elementor-widget elementor-widget-text-editor\" data-id=\"9e30744\" data-element_type=\"widget\" data-widget_type=\"text-editor.default\">\n\t\t\t\t<div class=\"elementor-widget-container\">\n\t\t\t\t\t\t\t<p>Produkte zur Erleichterung der Hygiene und Reinigung in Tierarztpraxen<\/p>\n\t\t\t\t\t\t<\/div>\n\t\t\t\t<\/div>\n\t\t<div class=\"elementor-element elementor-element-30af827 e-flex e-con-boxed e-con e-parent\" data-id=\"30af827\" data-element_type=\"container\">\n\t\t\t\t\t<div class=\"e-con-inner\">\n\t\t\t\t\t<\/div>\n\t\t\t\t<\/div>\n\t\t\t\t\t<\/div>\n\t\t<\/div>\n\t\t\t\t\t<\/div>\n\t\t<\/section>\n\t\t\t\t<section class=\"elementor-section elementor-top-section elementor-element elementor-element-4303543 elementor-hidden-desktop elementor-hidden-tablet elementor-hidden-mobile elementor-section-boxed elementor-section-height-default elementor-section-height-default\" data-id=\"4303543\" data-element_type=\"section\">\n\t\t\t\t\t\t<div class=\"elementor-container elementor-column-gap-default\">\n\t\t\t\t\t<div class=\"elementor-column elementor-col-100 elementor-top-column elementor-element elementor-element-ed9ac87\" data-id=\"ed9ac87\" data-element_type=\"column\">\n\t\t\t<div class=\"elementor-widget-wrap elementor-element-populated\">\n\t\t\t\t\t\t<div class=\"elementor-element elementor-element-0af139a elementor-widget elementor-widget-heading\" data-id=\"0af139a\" data-element_type=\"widget\" data-widget_type=\"heading.default\">\n\t\t\t\t<div class=\"elementor-widget-container\">\n\t\t\t<h2 class=\"elementor-heading-title elementor-size-default\">Die Vorteile des Minini Angebots<\/h2>\t\t<\/div>\n\t\t\t\t<\/div>\n\t\t\t\t<div class=\"elementor-element elementor-element-3d424fc elementor-widget-divider--view-line elementor-widget elementor-widget-divider\" data-id=\"3d424fc\" data-element_type=\"widget\" data-widget_type=\"divider.default\">\n\t\t\t\t<div class=\"elementor-widget-container\">\n\t\t\t\t\t<div class=\"elementor-divider\">\n\t\t\t<span class=\"elementor-divider-separator\">\n\t\t\t\t\t\t<\/span>\n\t\t<\/div>\n\t\t\t\t<\/div>\n\t\t\t\t<\/div>\n\t\t\t\t<div class=\"elementor-element elementor-element-8e28b16 elementor-widget elementor-widget-button\" data-id=\"8e28b16\" data-element_type=\"widget\" data-widget_type=\"button.default\">\n\t\t\t\t<div class=\"elementor-widget-container\">\n\t\t\t\t\t<div class=\"elementor-button-wrapper\">\n\t\t\t<a class=\"elementor-button elementor-button-link elementor-size-sm\" href=\"#\">\n\t\t\t\t\t\t<span class=\"elementor-button-content-wrapper\">\n\t\t\t\t\t\t\t\t\t<span class=\"elementor-button-text\">Entdecken Sie die gesamte Palette<\/span>\n\t\t\t\t\t<\/span>\n\t\t\t\t\t<\/a>\n\t\t<\/div>\n\t\t\t\t<\/div>\n\t\t\t\t<\/div>\n\t\t\t\t\t<\/div>\n\t\t<\/div>\n\t\t\t\t\t<\/div>\n\t\t<\/section>\n\t\t\t\t<\/div>\n\t\t","protected":false},"excerpt":{"rendered":"<p>VETERIN\u00c4RWESEN Produkte zur Erleichterung der Hygiene und Reinigung in Tierarztpraxen Vliest\u00fccher, Produkte aus Tissue-Papier, Zubeh\u00f6r und Systeme, die speziell f\u00fcr eine bessere Desinfektionsqualit\u00e4t und Tierhygiene in kleinen und gro\u00dfen tier\u00e4rztlichen Kliniken und -praxen entwickelt wurden. Wir bieten Produkte an, die die Reinigung zwischen den Untersuchungen erleichtern und gleichzeitig die h\u00f6chste Sicherheit und Komfort in Umgebungen [&hellip;]<\/p>\n","protected":false},"author":5,"featured_media":7220,"parent":4359,"menu_order":0,"comment_status":"closed","ping_status":"closed","template":"","meta":{"iawp_total_views":20,"footnotes":""},"aree":[],"class_list":["post-4385","page","type-page","status-publish","has-post-thumbnail","hentry"],"acf":[],"yoast_head":"<!-- This site is optimized with the Yoast SEO plugin v21.1 - https:\/\/yoast.com\/wordpress\/plugins\/seo\/ -->\n<title>Veterin\u00e4rwesen - Minini<\/title>\n<meta name=\"robots\" content=\"index, follow, max-snippet:-1, max-image-preview:large, max-video-preview:-1\" \/>\n<link rel=\"canonical\" href=\"https:\/\/www.minini.eu\/de\/anwendungsbereiche\/veterinaerwesen\/\" \/>\n<meta property=\"og:locale\" content=\"de_DE\" \/>\n<meta property=\"og:type\" content=\"article\" \/>\n<meta property=\"og:title\" content=\"Veterin\u00e4rwesen - Minini\" \/>\n<meta property=\"og:description\" content=\"VETERIN\u00c4RWESEN Produkte zur Erleichterung der Hygiene und Reinigung in Tierarztpraxen Vliest\u00fccher, Produkte aus Tissue-Papier, Zubeh\u00f6r und Systeme, die speziell f\u00fcr eine bessere Desinfektionsqualit\u00e4t und Tierhygiene in kleinen und gro\u00dfen tier\u00e4rztlichen Kliniken und -praxen entwickelt wurden. Wir bieten Produkte an, die die Reinigung zwischen den Untersuchungen erleichtern und gleichzeitig die h\u00f6chste Sicherheit und Komfort in Umgebungen [&hellip;]\" \/>\n<meta property=\"og:url\" content=\"https:\/\/www.minini.eu\/de\/anwendungsbereiche\/veterinaerwesen\/\" \/>\n<meta property=\"og:site_name\" content=\"Minini\" \/>\n<meta property=\"article:modified_time\" content=\"2025-02-06T09:52:47+00:00\" \/>\n<meta property=\"og:image\" content=\"https:\/\/www.minini.eu\/wp-content\/uploads\/2024\/09\/veterinario03-scaled.jpg\" \/>\n\t<meta property=\"og:image:width\" content=\"2560\" \/>\n\t<meta property=\"og:image:height\" content=\"1703\" \/>\n\t<meta property=\"og:image:type\" content=\"image\/jpeg\" \/>\n<meta name=\"twitter:card\" content=\"summary_large_image\" \/>\n<meta name=\"twitter:label1\" content=\"Gesch\u00e4tzte Lesezeit\" \/>\n\t<meta name=\"twitter:data1\" content=\"4\u00a0Minuten\" \/>\n<script type=\"application\/ld+json\" class=\"yoast-schema-graph\">{\"@context\":\"https:\/\/schema.org\",\"@graph\":[{\"@type\":\"WebPage\",\"@id\":\"https:\/\/www.minini.eu\/de\/anwendungsbereiche\/veterinaerwesen\/\",\"url\":\"https:\/\/www.minini.eu\/de\/anwendungsbereiche\/veterinaerwesen\/\",\"name\":\"Veterin\u00e4rwesen - Minini\",\"isPartOf\":{\"@id\":\"https:\/\/3.74.132.144\/#website\"},\"datePublished\":\"2023-10-16T08:34:58+00:00\",\"dateModified\":\"2025-02-06T09:52:47+00:00\",\"breadcrumb\":{\"@id\":\"https:\/\/www.minini.eu\/de\/anwendungsbereiche\/veterinaerwesen\/#breadcrumb\"},\"inLanguage\":\"de\",\"potentialAction\":[{\"@type\":\"ReadAction\",\"target\":[\"https:\/\/www.minini.eu\/de\/anwendungsbereiche\/veterinaerwesen\/\"]}]},{\"@type\":\"BreadcrumbList\",\"@id\":\"https:\/\/www.minini.eu\/de\/anwendungsbereiche\/veterinaerwesen\/#breadcrumb\",\"itemListElement\":[{\"@type\":\"ListItem\",\"position\":1,\"name\":\"Home\",\"item\":\"https:\/\/www.minini.eu\/de\/\"},{\"@type\":\"ListItem\",\"position\":2,\"name\":\"ANWENDUNGSBEREICHE\",\"item\":\"https:\/\/www.minini.eu\/de\/anwendungsbereiche\/\"},{\"@type\":\"ListItem\",\"position\":3,\"name\":\"Veterin\u00e4rwesen\"}]},{\"@type\":\"WebSite\",\"@id\":\"https:\/\/3.74.132.144\/#website\",\"url\":\"https:\/\/3.74.132.144\/\",\"name\":\"Minini\",\"description\":\"Paper flowers\",\"publisher\":{\"@id\":\"https:\/\/3.74.132.144\/#organization\"},\"potentialAction\":[{\"@type\":\"SearchAction\",\"target\":{\"@type\":\"EntryPoint\",\"urlTemplate\":\"https:\/\/3.74.132.144\/?s={search_term_string}\"},\"query-input\":\"required name=search_term_string\"}],\"inLanguage\":\"de\"},{\"@type\":\"Organization\",\"@id\":\"https:\/\/3.74.132.144\/#organization\",\"name\":\"Minini\",\"url\":\"https:\/\/3.74.132.144\/\",\"logo\":{\"@type\":\"ImageObject\",\"inLanguage\":\"de\",\"@id\":\"https:\/\/3.74.132.144\/#\/schema\/logo\/image\/\",\"url\":\"https:\/\/www.minini.eu\/wp-content\/uploads\/2023\/07\/logo_minini.svg\",\"contentUrl\":\"https:\/\/www.minini.eu\/wp-content\/uploads\/2023\/07\/logo_minini.svg\",\"width\":260,\"height\":51,\"caption\":\"Minini\"},\"image\":{\"@id\":\"https:\/\/3.74.132.144\/#\/schema\/logo\/image\/\"}}]}<\/script>\n<!-- \/ Yoast SEO plugin. -->","yoast_head_json":{"title":"Veterin\u00e4rwesen - Minini","robots":{"index":"index","follow":"follow","max-snippet":"max-snippet:-1","max-image-preview":"max-image-preview:large","max-video-preview":"max-video-preview:-1"},"canonical":"https:\/\/www.minini.eu\/de\/anwendungsbereiche\/veterinaerwesen\/","og_locale":"de_DE","og_type":"article","og_title":"Veterin\u00e4rwesen - Minini","og_description":"VETERIN\u00c4RWESEN Produkte zur Erleichterung der Hygiene und Reinigung in Tierarztpraxen Vliest\u00fccher, Produkte aus Tissue-Papier, Zubeh\u00f6r und Systeme, die speziell f\u00fcr eine bessere Desinfektionsqualit\u00e4t und Tierhygiene in kleinen und gro\u00dfen tier\u00e4rztlichen Kliniken und -praxen entwickelt wurden. Wir bieten Produkte an, die die Reinigung zwischen den Untersuchungen erleichtern und gleichzeitig die h\u00f6chste Sicherheit und Komfort in Umgebungen [&hellip;]","og_url":"https:\/\/www.minini.eu\/de\/anwendungsbereiche\/veterinaerwesen\/","og_site_name":"Minini","article_modified_time":"2025-02-06T09:52:47+00:00","og_image":[{"width":2560,"height":1703,"url":"https:\/\/www.minini.eu\/wp-content\/uploads\/2024\/09\/veterinario03-scaled.jpg","type":"image\/jpeg"}],"twitter_card":"summary_large_image","twitter_misc":{"Gesch\u00e4tzte Lesezeit":"4\u00a0Minuten"},"schema":{"@context":"https:\/\/schema.org","@graph":[{"@type":"WebPage","@id":"https:\/\/www.minini.eu\/de\/anwendungsbereiche\/veterinaerwesen\/","url":"https:\/\/www.minini.eu\/de\/anwendungsbereiche\/veterinaerwesen\/","name":"Veterin\u00e4rwesen - Minini","isPartOf":{"@id":"https:\/\/3.74.132.144\/#website"},"datePublished":"2023-10-16T08:34:58+00:00","dateModified":"2025-02-06T09:52:47+00:00","breadcrumb":{"@id":"https:\/\/www.minini.eu\/de\/anwendungsbereiche\/veterinaerwesen\/#breadcrumb"},"inLanguage":"de","potentialAction":[{"@type":"ReadAction","target":["https:\/\/www.minini.eu\/de\/anwendungsbereiche\/veterinaerwesen\/"]}]},{"@type":"BreadcrumbList","@id":"https:\/\/www.minini.eu\/de\/anwendungsbereiche\/veterinaerwesen\/#breadcrumb","itemListElement":[{"@type":"ListItem","position":1,"name":"Home","item":"https:\/\/www.minini.eu\/de\/"},{"@type":"ListItem","position":2,"name":"ANWENDUNGSBEREICHE","item":"https:\/\/www.minini.eu\/de\/anwendungsbereiche\/"},{"@type":"ListItem","position":3,"name":"Veterin\u00e4rwesen"}]},{"@type":"WebSite","@id":"https:\/\/3.74.132.144\/#website","url":"https:\/\/3.74.132.144\/","name":"Minini","description":"Paper flowers","publisher":{"@id":"https:\/\/3.74.132.144\/#organization"},"potentialAction":[{"@type":"SearchAction","target":{"@type":"EntryPoint","urlTemplate":"https:\/\/3.74.132.144\/?s={search_term_string}"},"query-input":"required name=search_term_string"}],"inLanguage":"de"},{"@type":"Organization","@id":"https:\/\/3.74.132.144\/#organization","name":"Minini","url":"https:\/\/3.74.132.144\/","logo":{"@type":"ImageObject","inLanguage":"de","@id":"https:\/\/3.74.132.144\/#\/schema\/logo\/image\/","url":"https:\/\/www.minini.eu\/wp-content\/uploads\/2023\/07\/logo_minini.svg","contentUrl":"https:\/\/www.minini.eu\/wp-content\/uploads\/2023\/07\/logo_minini.svg","width":260,"height":51,"caption":"Minini"},"image":{"@id":"https:\/\/3.74.132.144\/#\/schema\/logo\/image\/"}}]}},"_links":{"self":[{"href":"https:\/\/www.minini.eu\/de\/wp-json\/wp\/v2\/pages\/4385"}],"collection":[{"href":"https:\/\/www.minini.eu\/de\/wp-json\/wp\/v2\/pages"}],"about":[{"href":"https:\/\/www.minini.eu\/de\/wp-json\/wp\/v2\/types\/page"}],"author":[{"embeddable":true,"href":"https:\/\/www.minini.eu\/de\/wp-json\/wp\/v2\/users\/5"}],"replies":[{"embeddable":true,"href":"https:\/\/www.minini.eu\/de\/wp-json\/wp\/v2\/comments?post=4385"}],"version-history":[{"count":16,"href":"https:\/\/www.minini.eu\/de\/wp-json\/wp\/v2\/pages\/4385\/revisions"}],"predecessor-version":[{"id":12413,"href":"https:\/\/www.minini.eu\/de\/wp-json\/wp\/v2\/pages\/4385\/revisions\/12413"}],"up":[{"embeddable":true,"href":"https:\/\/www.minini.eu\/de\/wp-json\/wp\/v2\/pages\/4359"}],"wp:featuredmedia":[{"embeddable":true,"href":"https:\/\/www.minini.eu\/de\/wp-json\/wp\/v2\/media\/7220"}],"wp:attachment":[{"href":"https:\/\/www.minini.eu\/de\/wp-json\/wp\/v2\/media?parent=4385"}],"wp:term":[{"taxonomy":"aree","embeddable":true,"href":"https:\/\/www.minini.eu\/de\/wp-json\/wp\/v2\/aree?post=4385"}],"curies":[{"name":"wp","href":"https:\/\/api.w.org\/{rel}","templated":true}]}}