{"id":5835,"date":"2023-10-04T10:48:05","date_gmt":"2023-10-04T10:48:05","guid":{"rendered":"https:\/\/dev.aipem.it\/minini\/anwendungsbereiche\/reinigung-von-industriellen-bereichen-und-oeffentlichen-gebaeuden\/"},"modified":"2024-11-04T07:55:44","modified_gmt":"2024-11-04T07:55:44","slug":"industriebereiche-und-offentliche-gebaeude","status":"publish","type":"page","link":"https:\/\/www.minini.eu\/de\/anwendungsbereiche\/industriebereiche-und-offentliche-gebaeude\/","title":{"rendered":"Industriebereiche und \u00d6ffentliche Geb\u00e4ude"},"content":{"rendered":"\t\t<div data-elementor-type=\"wp-page\" data-elementor-id=\"5835\" class=\"elementor elementor-5835 elementor-1724\" data-elementor-post-type=\"page\">\n\t\t\t\t\t\t<section class=\"elementor-section elementor-top-section elementor-element elementor-element-73c632d elementor-section-height-min-height elementor-section-boxed elementor-section-height-default elementor-section-items-middle\" data-id=\"73c632d\" data-element_type=\"section\" data-settings=\"{&quot;background_background&quot;:&quot;classic&quot;}\">\n\t\t\t\t\t\t\t<div class=\"elementor-background-overlay\"><\/div>\n\t\t\t\t\t\t\t<div class=\"elementor-container elementor-column-gap-default\">\n\t\t\t\t\t<div class=\"elementor-column elementor-col-50 elementor-top-column elementor-element elementor-element-6330ddf\" data-id=\"6330ddf\" data-element_type=\"column\">\n\t\t\t<div class=\"elementor-widget-wrap elementor-element-populated\">\n\t\t\t\t\t\t<div class=\"elementor-element elementor-element-ea3eaff elementor-widget__width-initial elementor-widget elementor-widget-heading\" data-id=\"ea3eaff\" data-element_type=\"widget\" data-widget_type=\"heading.default\">\n\t\t\t\t<div class=\"elementor-widget-container\">\n\t\t\t<h2 class=\"elementor-heading-title elementor-size-default\">INDUSTRIEBEREICHE UND \u00d6FFENTLICHE GEB\u00c4UDE<\/h2>\t\t<\/div>\n\t\t\t\t<\/div>\n\t\t\t\t\t<\/div>\n\t\t<\/div>\n\t\t\t\t<div class=\"elementor-column elementor-col-50 elementor-top-column elementor-element elementor-element-6d6c509\" data-id=\"6d6c509\" data-element_type=\"column\">\n\t\t\t<div class=\"elementor-widget-wrap\">\n\t\t\t\t\t\t\t<\/div>\n\t\t<\/div>\n\t\t\t\t\t<\/div>\n\t\t<\/section>\n\t\t\t\t<section class=\"elementor-section elementor-top-section elementor-element elementor-element-d1bbc4b elementor-section-boxed elementor-section-height-default elementor-section-height-default\" data-id=\"d1bbc4b\" data-element_type=\"section\">\n\t\t\t\t\t\t<div class=\"elementor-container elementor-column-gap-default\">\n\t\t\t\t\t<div class=\"elementor-column elementor-col-50 elementor-top-column elementor-element elementor-element-16f6677\" data-id=\"16f6677\" data-element_type=\"column\">\n\t\t\t<div class=\"elementor-widget-wrap elementor-element-populated\">\n\t\t\t\t\t\t<div class=\"elementor-element elementor-element-2b5b19d elementor-widget elementor-widget-heading\" data-id=\"2b5b19d\" data-element_type=\"widget\" data-widget_type=\"heading.default\">\n\t\t\t\t<div class=\"elementor-widget-container\">\n\t\t\t<h2 class=\"elementor-heading-title elementor-size-default\">Produkte f\u00fcr gro\u00dfe Bereiche<\/h2>\t\t<\/div>\n\t\t\t\t<\/div>\n\t\t\t\t\t<\/div>\n\t\t<\/div>\n\t\t\t\t<div class=\"elementor-column elementor-col-50 elementor-top-column elementor-element elementor-element-f6cb219\" data-id=\"f6cb219\" data-element_type=\"column\">\n\t\t\t<div class=\"elementor-widget-wrap elementor-element-populated\">\n\t\t\t\t\t\t<div class=\"elementor-element elementor-element-ddc5040 elementor-widget elementor-widget-text-editor\" data-id=\"ddc5040\" data-element_type=\"widget\" data-widget_type=\"text-editor.default\">\n\t\t\t\t<div class=\"elementor-widget-container\">\n\t\t\t\t\t\t\t<p><strong>Gro\u00dfe R\u00e4ume, gro\u00dfe Reinigungsarbeiten, die zum Schutz der Gesundheit von Benutzern und Personal besonders gr\u00fcndlich durchzuf\u00fchren sind.<\/strong>&nbsp;<\/p>\n<p>Wir stellen die Arbeit vom Putzpersonal im Mittelpunkt, um seine Aufgaben zu erleichtern und das bei minimalem Schulungsbedarf. Denn gro\u00dfe Fl\u00e4chen m\u00fcssen nicht unbedingt hohe Reinigungskosten bedeuten.<\/p>\n<p>Wir haben Hochleistungsprodukte aus <strong>Tissue-Papier, Vliest\u00fccher zur Optimierung von Reinigungs- und Desinfektionsaufgaben sowie Spender und Zubeh\u00f6r entwickelt, damit Sie alles ordentlich und griffbereit haben k\u00f6nnen. <\/strong><\/p>\t\t\t\t\t\t<\/div>\n\t\t\t\t<\/div>\n\t\t\t\t\t<\/div>\n\t\t<\/div>\n\t\t\t\t\t<\/div>\n\t\t<\/section>\n\t\t\t\t<section class=\"elementor-section elementor-top-section elementor-element elementor-element-e10ecf3 elementor-hidden-desktop elementor-hidden-tablet elementor-hidden-mobile elementor-section-boxed elementor-section-height-default elementor-section-height-default\" data-id=\"e10ecf3\" data-element_type=\"section\" data-settings=\"{&quot;background_background&quot;:&quot;classic&quot;}\">\n\t\t\t\t\t\t<div class=\"elementor-container elementor-column-gap-default\">\n\t\t\t\t\t<div class=\"elementor-column elementor-col-50 elementor-top-column elementor-element elementor-element-8029284\" data-id=\"8029284\" data-element_type=\"column\">\n\t\t\t<div class=\"elementor-widget-wrap elementor-element-populated\">\n\t\t\t\t\t\t<div class=\"elementor-element elementor-element-dbe845d elementor-widget elementor-widget-image\" data-id=\"dbe845d\" data-element_type=\"widget\" data-widget_type=\"image.default\">\n\t\t\t\t<div class=\"elementor-widget-container\">\n\t\t\t\t\t\t\t\t\t\t\t\t\t<img fetchpriority=\"high\" decoding=\"async\" width=\"549\" height=\"366\" src=\"https:\/\/www.minini.eu\/wp-content\/uploads\/2023\/10\/Ridim_Dust-Proof_3240-200-3240-110-nexroll-lato.jpg\" class=\"attachment-large size-large wp-image-1754\" alt=\"\" srcset=\"https:\/\/www.minini.eu\/wp-content\/uploads\/2023\/10\/Ridim_Dust-Proof_3240-200-3240-110-nexroll-lato.jpg 549w, https:\/\/www.minini.eu\/wp-content\/uploads\/2023\/10\/Ridim_Dust-Proof_3240-200-3240-110-nexroll-lato-300x200.jpg 300w\" sizes=\"(max-width: 549px) 100vw, 549px\" \/>\t\t\t\t\t\t\t\t\t\t\t\t\t<\/div>\n\t\t\t\t<\/div>\n\t\t\t\t\t<\/div>\n\t\t<\/div>\n\t\t\t\t<div class=\"elementor-column elementor-col-50 elementor-top-column elementor-element elementor-element-272b51f\" data-id=\"272b51f\" data-element_type=\"column\">\n\t\t\t<div class=\"elementor-widget-wrap elementor-element-populated\">\n\t\t\t\t\t\t<div class=\"elementor-element elementor-element-b28765b elementor-widget elementor-widget-heading\" data-id=\"b28765b\" data-element_type=\"widget\" data-widget_type=\"heading.default\">\n\t\t\t\t<div class=\"elementor-widget-container\">\n\t\t\t<h2 class=\"elementor-heading-title elementor-size-default\">DustProof<\/h2>\t\t<\/div>\n\t\t\t\t<\/div>\n\t\t\t\t<div class=\"elementor-element elementor-element-783803f elementor-widget elementor-widget-text-editor\" data-id=\"783803f\" data-element_type=\"widget\" data-widget_type=\"text-editor.default\">\n\t\t\t\t<div class=\"elementor-widget-container\">\n\t\t\t\t\t\t\t<p><strong>Das spezielle Vliestuch f\u00fcrs Abstauben von Oberfl\u00e4chen und B\u00f6den.<\/strong><\/p>\n<p>Dank seiner elektrostatischen Wirkung und des speziellen netzartigen Aufbaus f\u00e4ngt das Tuch den Staub auf und gleitet leicht auf der Oberfl\u00e4che, reibungs- und widerstandsfrei. Die Reinigung erfolgt damit schnell, leicht und m\u00fchelos f\u00fcrs Personal. Weich, hoch rei\u00df- und abriebfest, fusselfrei. Es kann mit professionellen Bodenwischern benutzt werden, sowohl mit Lamellen als auch mit Schwamm.<\/p>\n\t\t\t\t\t\t<\/div>\n\t\t\t\t<\/div>\n\t\t\t\t<div class=\"elementor-element elementor-element-7d7bdfb elementor-widget elementor-widget-button\" data-id=\"7d7bdfb\" data-element_type=\"widget\" data-widget_type=\"button.default\">\n\t\t\t\t<div class=\"elementor-widget-container\">\n\t\t\t\t\t<div class=\"elementor-button-wrapper\">\n\t\t\t<a class=\"elementor-button elementor-button-link elementor-size-sm\" href=\"#\">\n\t\t\t\t\t\t<span class=\"elementor-button-content-wrapper\">\n\t\t\t\t\t\t\t\t\t<span class=\"elementor-button-text\">Zum Produktdatenblatt<\/span>\n\t\t\t\t\t<\/span>\n\t\t\t\t\t<\/a>\n\t\t<\/div>\n\t\t\t\t<\/div>\n\t\t\t\t<\/div>\n\t\t\t\t\t<\/div>\n\t\t<\/div>\n\t\t\t\t\t<\/div>\n\t\t<\/section>\n\t\t\t\t<section class=\"elementor-section elementor-top-section elementor-element elementor-element-9b96e3c elementor-section-content-middle elementor-section-boxed elementor-section-height-default elementor-section-height-default\" data-id=\"9b96e3c\" data-element_type=\"section\" data-settings=\"{&quot;background_background&quot;:&quot;classic&quot;}\">\n\t\t\t\t\t\t<div class=\"elementor-container elementor-column-gap-default\">\n\t\t\t\t\t<div class=\"elementor-column elementor-col-33 elementor-top-column elementor-element elementor-element-ed38b3b\" data-id=\"ed38b3b\" data-element_type=\"column\">\n\t\t\t<div class=\"elementor-widget-wrap elementor-element-populated\">\n\t\t\t\t\t\t<div class=\"elementor-element elementor-element-d260f61 elementor-widget elementor-widget-heading\" data-id=\"d260f61\" data-element_type=\"widget\" data-widget_type=\"heading.default\">\n\t\t\t\t<div class=\"elementor-widget-container\">\n\t\t\t<h2 class=\"elementor-heading-title elementor-size-default\">Minini solutions<\/h2>\t\t<\/div>\n\t\t\t\t<\/div>\n\t\t\t\t<div class=\"elementor-element elementor-element-178bb6f elementor-widget-divider--view-line elementor-widget elementor-widget-divider\" data-id=\"178bb6f\" data-element_type=\"widget\" data-widget_type=\"divider.default\">\n\t\t\t\t<div class=\"elementor-widget-container\">\n\t\t\t\t\t<div class=\"elementor-divider\">\n\t\t\t<span class=\"elementor-divider-separator\">\n\t\t\t\t\t\t<\/span>\n\t\t<\/div>\n\t\t\t\t<\/div>\n\t\t\t\t<\/div>\n\t\t\t\t<div class=\"elementor-element elementor-element-6993344 elementor-widget elementor-widget-text-editor\" data-id=\"6993344\" data-element_type=\"widget\" data-widget_type=\"text-editor.default\">\n\t\t\t\t<div class=\"elementor-widget-container\">\n\t\t\t\t\t\t\t<p>Stark frequentierte Bereiche wie <strong>B\u00fcros sowie \u00f6ffentliche Bereiche und Geb\u00e4ude<\/strong> verlangen eine sorgf\u00e4ltige Hygiene in Verbindung mit einer schnellen und einfachen Verwendung der Ausr\u00fcstung.<\/p><p>F\u00fcr die Reinigung und Desinfektion von kleinen und gro\u00dfen Bereichen bieten wir Hochleistungsprodukten mit reduzierten Verwendungskosten an. <strong>Vliest\u00fccher und Zubeh\u00f6r f\u00fcr eine weite Bandbreite von Reinigungs- und Desinfektionsaufgaben sowie zum Aufsaugen verschiedener Stoffe.\u00a0<\/strong>F\u00fcr Einmalgebrauch und\/oder wiederverwendbar, diese Produkte werden in verschiedenen Materialien, Ma\u00dfen und Verpackungen entwickelt, um verschiedene Bed\u00fcrfnisse zu erf\u00fcllen.<\/p>\t\t\t\t\t\t<\/div>\n\t\t\t\t<\/div>\n\t\t\t\t\t<\/div>\n\t\t<\/div>\n\t\t\t\t<div class=\"elementor-column elementor-col-33 elementor-top-column elementor-element elementor-element-4e6564b\" data-id=\"4e6564b\" data-element_type=\"column\">\n\t\t\t<div class=\"elementor-widget-wrap elementor-element-populated\">\n\t\t\t\t\t\t<div class=\"elementor-element elementor-element-c005366 elementor-widget elementor-widget-image\" data-id=\"c005366\" data-element_type=\"widget\" data-widget_type=\"image.default\">\n\t\t\t\t<div class=\"elementor-widget-container\">\n\t\t\t\t\t\t\t\t\t\t\t\t\t<img decoding=\"async\" width=\"675\" height=\"450\" src=\"https:\/\/www.minini.eu\/wp-content\/uploads\/2023\/10\/Ridim_polvere-pavim.jpg\" class=\"attachment-large size-large wp-image-1745\" alt=\"\" srcset=\"https:\/\/www.minini.eu\/wp-content\/uploads\/2023\/10\/Ridim_polvere-pavim.jpg 675w, https:\/\/www.minini.eu\/wp-content\/uploads\/2023\/10\/Ridim_polvere-pavim-300x200.jpg 300w\" sizes=\"(max-width: 675px) 100vw, 675px\" \/>\t\t\t\t\t\t\t\t\t\t\t\t\t<\/div>\n\t\t\t\t<\/div>\n\t\t\t\t\t<\/div>\n\t\t<\/div>\n\t\t\t\t<div class=\"elementor-column elementor-col-33 elementor-top-column elementor-element elementor-element-a55df77\" data-id=\"a55df77\" data-element_type=\"column\">\n\t\t\t<div class=\"elementor-widget-wrap elementor-element-populated\">\n\t\t\t\t\t\t<div class=\"elementor-element elementor-element-1fb11b0 elementor-widget__width-initial elementor-widget elementor-widget-image\" data-id=\"1fb11b0\" data-element_type=\"widget\" data-widget_type=\"image.default\">\n\t\t\t\t<div class=\"elementor-widget-container\">\n\t\t\t\t\t\t\t\t\t\t\t\t\t<img decoding=\"async\" width=\"683\" height=\"1024\" src=\"https:\/\/www.minini.eu\/wp-content\/uploads\/2024\/09\/nexwoven_dettaglio5_I1A7439-e1726837648808.jpg\" class=\"attachment-large size-large wp-image-6891\" alt=\"Minini nexwipes Mehrzweck-gefaltete Vliest\u00fccher f\u00fcr die Oberfl\u00e4chenreinigung mit farbcodierten Optionen f\u00fcr ho.re.ca\" \/>\t\t\t\t\t\t\t\t\t\t\t\t\t<\/div>\n\t\t\t\t<\/div>\n\t\t\t\t\t<\/div>\n\t\t<\/div>\n\t\t\t\t\t<\/div>\n\t\t<\/section>\n\t\t\t\t<section class=\"elementor-section elementor-top-section elementor-element elementor-element-7b5d220 elementor-section-boxed elementor-section-height-default elementor-section-height-default\" data-id=\"7b5d220\" data-element_type=\"section\">\n\t\t\t\t\t\t\t<div class=\"elementor-background-overlay\"><\/div>\n\t\t\t\t\t\t\t<div class=\"elementor-container elementor-column-gap-default\">\n\t\t\t\t\t<div class=\"elementor-column elementor-col-100 elementor-top-column elementor-element elementor-element-c7a11ec\" data-id=\"c7a11ec\" data-element_type=\"column\" data-settings=\"{&quot;background_background&quot;:&quot;classic&quot;}\">\n\t\t\t<div class=\"elementor-widget-wrap elementor-element-populated\">\n\t\t\t\t\t<div class=\"elementor-background-overlay\"><\/div>\n\t\t\t\t\t\t<div class=\"elementor-element elementor-element-4fce3d9 elementor-widget elementor-widget-heading\" data-id=\"4fce3d9\" data-element_type=\"widget\" data-widget_type=\"heading.default\">\n\t\t\t\t<div class=\"elementor-widget-container\">\n\t\t\t<h2 class=\"elementor-heading-title elementor-size-default\">Produkte<\/h2>\t\t<\/div>\n\t\t\t\t<\/div>\n\t\t\t\t<div class=\"elementor-element elementor-element-a9d7f7f elementor-widget elementor-widget-text-editor\" data-id=\"a9d7f7f\" data-element_type=\"widget\" data-widget_type=\"text-editor.default\">\n\t\t\t\t<div class=\"elementor-widget-container\">\n\t\t\t\t\t\t\t<p>Entdecken Sie unsere Produkte f\u00fcr die Reinigung von industriellen Bereichen und \u00f6ffentlichen Geb\u00e4uden<\/p>\n\t\t\t\t\t\t<\/div>\n\t\t\t\t<\/div>\n\t\t<div class=\"elementor-element elementor-element-4cc89f8 e-flex e-con-boxed e-con e-parent\" data-id=\"4cc89f8\" data-element_type=\"container\">\n\t\t\t\t\t<div class=\"e-con-inner\">\n\t\t\t\t\t<\/div>\n\t\t\t\t<\/div>\n\t\t\t\t\t<\/div>\n\t\t<\/div>\n\t\t\t\t\t<\/div>\n\t\t<\/section>\n\t\t\t\t<section class=\"elementor-section elementor-top-section elementor-element elementor-element-4303543 elementor-section-boxed elementor-section-height-default elementor-section-height-default\" data-id=\"4303543\" data-element_type=\"section\">\n\t\t\t\t\t\t<div class=\"elementor-container elementor-column-gap-default\">\n\t\t\t\t\t<div class=\"elementor-column elementor-col-100 elementor-top-column elementor-element elementor-element-ed9ac87\" data-id=\"ed9ac87\" data-element_type=\"column\">\n\t\t\t<div class=\"elementor-widget-wrap elementor-element-populated\">\n\t\t\t\t\t\t<div class=\"elementor-element elementor-element-0af139a elementor-widget elementor-widget-heading\" data-id=\"0af139a\" data-element_type=\"widget\" data-widget_type=\"heading.default\">\n\t\t\t\t<div class=\"elementor-widget-container\">\n\t\t\t<h2 class=\"elementor-heading-title elementor-size-default\">Die Vorteile des Minini Angebots<\/h2>\t\t<\/div>\n\t\t\t\t<\/div>\n\t\t\t\t<div class=\"elementor-element elementor-element-3d424fc elementor-widget-divider--view-line elementor-widget elementor-widget-divider\" data-id=\"3d424fc\" data-element_type=\"widget\" data-widget_type=\"divider.default\">\n\t\t\t\t<div class=\"elementor-widget-container\">\n\t\t\t\t\t<div class=\"elementor-divider\">\n\t\t\t<span class=\"elementor-divider-separator\">\n\t\t\t\t\t\t<\/span>\n\t\t<\/div>\n\t\t\t\t<\/div>\n\t\t\t\t<\/div>\n\t\t\t\t<div class=\"elementor-element elementor-element-49bd6cd elementor-widget elementor-widget-text-editor\" data-id=\"49bd6cd\" data-element_type=\"widget\" data-widget_type=\"text-editor.default\">\n\t\t\t\t<div class=\"elementor-widget-container\">\n\t\t\t\t\t\t\t<p><strong>Eine saubere und ordentliche Arbeits- und Lernumgebung bringt mit sich ein besseres Wohlgef\u00fchl im Allgemeinen <\/strong> . Das ist gleichzeitig unser Ziel und Leitmotiv bei der Entwicklung unserer Produktpalette, unter Beachtung der Betriebskosten:<\/p>\n<p> <span style=\"font-size: 1rem;\">&gt; S<\/span>peziell entwickelt <strong>f\u00fcr stark frequentierte Bereiche.<\/strong><\/p>\n<p><span style=\"font-size: 1rem;\">&gt; <\/span><strong>Wirksam<\/strong> gegen sichtbaren Schmutz, wie Staub, Flecken und Verunreinigungen.<\/p>\n<p>&gt; <strong>Effizient in<\/strong> <strong>Kostenreduzierung<\/strong> dank einer optimierten Arbeitsweise.<\/p>\n<p>&gt; Aus <strong>robusten<\/strong> <strong>Materialien,<\/strong> f\u00fcr Einmalgebrauch oder wiederverwendbar.<\/p>\t\t\t\t\t\t<\/div>\n\t\t\t\t<\/div>\n\t\t\t\t\t<\/div>\n\t\t<\/div>\n\t\t\t\t\t<\/div>\n\t\t<\/section>\n\t\t\t\t<\/div>\n\t\t","protected":false},"excerpt":{"rendered":"<p>INDUSTRIEBEREICHE UND \u00d6FFENTLICHE GEB\u00c4UDE Produkte f\u00fcr gro\u00dfe Bereiche Gro\u00dfe R\u00e4ume, gro\u00dfe Reinigungsarbeiten, die zum Schutz der Gesundheit von Benutzern und Personal besonders gr\u00fcndlich durchzuf\u00fchren sind.&nbsp; Wir stellen die Arbeit vom Putzpersonal im Mittelpunkt, um seine Aufgaben zu erleichtern und das bei minimalem Schulungsbedarf. Denn gro\u00dfe Fl\u00e4chen m\u00fcssen nicht unbedingt hohe Reinigungskosten bedeuten. Wir haben Hochleistungsprodukte [&hellip;]<\/p>\n","protected":false},"author":5,"featured_media":6874,"parent":4359,"menu_order":0,"comment_status":"closed","ping_status":"closed","template":"","meta":{"iawp_total_views":15,"footnotes":""},"aree":[],"class_list":["post-5835","page","type-page","status-publish","has-post-thumbnail","hentry"],"acf":[],"yoast_head":"<!-- This site is optimized with the Yoast SEO plugin v21.1 - https:\/\/yoast.com\/wordpress\/plugins\/seo\/ -->\n<title>Industriebereiche und \u00d6ffentliche Geb\u00e4ude - Minini<\/title>\n<meta name=\"robots\" content=\"index, follow, max-snippet:-1, max-image-preview:large, max-video-preview:-1\" \/>\n<link rel=\"canonical\" href=\"https:\/\/www.minini.eu\/de\/anwendungsbereiche\/industriebereiche-und-offentliche-gebaeude\/\" \/>\n<meta property=\"og:locale\" content=\"de_DE\" \/>\n<meta property=\"og:type\" content=\"article\" \/>\n<meta property=\"og:title\" content=\"Industriebereiche und \u00d6ffentliche Geb\u00e4ude - Minini\" \/>\n<meta property=\"og:description\" content=\"INDUSTRIEBEREICHE UND \u00d6FFENTLICHE GEB\u00c4UDE Produkte f\u00fcr gro\u00dfe Bereiche Gro\u00dfe R\u00e4ume, gro\u00dfe Reinigungsarbeiten, die zum Schutz der Gesundheit von Benutzern und Personal besonders gr\u00fcndlich durchzuf\u00fchren sind.&nbsp; Wir stellen die Arbeit vom Putzpersonal im Mittelpunkt, um seine Aufgaben zu erleichtern und das bei minimalem Schulungsbedarf. Denn gro\u00dfe Fl\u00e4chen m\u00fcssen nicht unbedingt hohe Reinigungskosten bedeuten. Wir haben Hochleistungsprodukte [&hellip;]\" \/>\n<meta property=\"og:url\" content=\"https:\/\/www.minini.eu\/de\/anwendungsbereiche\/industriebereiche-und-offentliche-gebaeude\/\" \/>\n<meta property=\"og:site_name\" content=\"Minini\" \/>\n<meta property=\"article:modified_time\" content=\"2024-11-04T07:55:44+00:00\" \/>\n<meta property=\"og:image\" content=\"https:\/\/www.minini.eu\/wp-content\/uploads\/2024\/09\/Building-Cleaning01-scaled-e1726836166754.jpg\" \/>\n\t<meta property=\"og:image:width\" content=\"2560\" \/>\n\t<meta property=\"og:image:height\" content=\"1707\" \/>\n\t<meta property=\"og:image:type\" content=\"image\/jpeg\" \/>\n<meta name=\"twitter:card\" content=\"summary_large_image\" \/>\n<meta name=\"twitter:label1\" content=\"Gesch\u00e4tzte Lesezeit\" \/>\n\t<meta name=\"twitter:data1\" content=\"6\u00a0Minuten\" \/>\n<script type=\"application\/ld+json\" class=\"yoast-schema-graph\">{\"@context\":\"https:\/\/schema.org\",\"@graph\":[{\"@type\":\"WebPage\",\"@id\":\"https:\/\/www.minini.eu\/de\/anwendungsbereiche\/industriebereiche-und-offentliche-gebaeude\/\",\"url\":\"https:\/\/www.minini.eu\/de\/anwendungsbereiche\/industriebereiche-und-offentliche-gebaeude\/\",\"name\":\"Industriebereiche und \u00d6ffentliche Geb\u00e4ude - Minini\",\"isPartOf\":{\"@id\":\"https:\/\/3.74.132.144\/#website\"},\"datePublished\":\"2023-10-04T10:48:05+00:00\",\"dateModified\":\"2024-11-04T07:55:44+00:00\",\"breadcrumb\":{\"@id\":\"https:\/\/www.minini.eu\/de\/anwendungsbereiche\/industriebereiche-und-offentliche-gebaeude\/#breadcrumb\"},\"inLanguage\":\"de\",\"potentialAction\":[{\"@type\":\"ReadAction\",\"target\":[\"https:\/\/www.minini.eu\/de\/anwendungsbereiche\/industriebereiche-und-offentliche-gebaeude\/\"]}]},{\"@type\":\"BreadcrumbList\",\"@id\":\"https:\/\/www.minini.eu\/de\/anwendungsbereiche\/industriebereiche-und-offentliche-gebaeude\/#breadcrumb\",\"itemListElement\":[{\"@type\":\"ListItem\",\"position\":1,\"name\":\"Home\",\"item\":\"https:\/\/www.minini.eu\/de\/\"},{\"@type\":\"ListItem\",\"position\":2,\"name\":\"ANWENDUNGSBEREICHE\",\"item\":\"https:\/\/www.minini.eu\/de\/anwendungsbereiche\/\"},{\"@type\":\"ListItem\",\"position\":3,\"name\":\"Industriebereiche und \u00d6ffentliche Geb\u00e4ude\"}]},{\"@type\":\"WebSite\",\"@id\":\"https:\/\/3.74.132.144\/#website\",\"url\":\"https:\/\/3.74.132.144\/\",\"name\":\"Minini\",\"description\":\"Paper flowers\",\"publisher\":{\"@id\":\"https:\/\/3.74.132.144\/#organization\"},\"potentialAction\":[{\"@type\":\"SearchAction\",\"target\":{\"@type\":\"EntryPoint\",\"urlTemplate\":\"https:\/\/3.74.132.144\/?s={search_term_string}\"},\"query-input\":\"required name=search_term_string\"}],\"inLanguage\":\"de\"},{\"@type\":\"Organization\",\"@id\":\"https:\/\/3.74.132.144\/#organization\",\"name\":\"Minini\",\"url\":\"https:\/\/3.74.132.144\/\",\"logo\":{\"@type\":\"ImageObject\",\"inLanguage\":\"de\",\"@id\":\"https:\/\/3.74.132.144\/#\/schema\/logo\/image\/\",\"url\":\"https:\/\/www.minini.eu\/wp-content\/uploads\/2023\/07\/logo_minini.svg\",\"contentUrl\":\"https:\/\/www.minini.eu\/wp-content\/uploads\/2023\/07\/logo_minini.svg\",\"width\":260,\"height\":51,\"caption\":\"Minini\"},\"image\":{\"@id\":\"https:\/\/3.74.132.144\/#\/schema\/logo\/image\/\"}}]}<\/script>\n<!-- \/ Yoast SEO plugin. -->","yoast_head_json":{"title":"Industriebereiche und \u00d6ffentliche Geb\u00e4ude - Minini","robots":{"index":"index","follow":"follow","max-snippet":"max-snippet:-1","max-image-preview":"max-image-preview:large","max-video-preview":"max-video-preview:-1"},"canonical":"https:\/\/www.minini.eu\/de\/anwendungsbereiche\/industriebereiche-und-offentliche-gebaeude\/","og_locale":"de_DE","og_type":"article","og_title":"Industriebereiche und \u00d6ffentliche Geb\u00e4ude - Minini","og_description":"INDUSTRIEBEREICHE UND \u00d6FFENTLICHE GEB\u00c4UDE Produkte f\u00fcr gro\u00dfe Bereiche Gro\u00dfe R\u00e4ume, gro\u00dfe Reinigungsarbeiten, die zum Schutz der Gesundheit von Benutzern und Personal besonders gr\u00fcndlich durchzuf\u00fchren sind.&nbsp; Wir stellen die Arbeit vom Putzpersonal im Mittelpunkt, um seine Aufgaben zu erleichtern und das bei minimalem Schulungsbedarf. Denn gro\u00dfe Fl\u00e4chen m\u00fcssen nicht unbedingt hohe Reinigungskosten bedeuten. Wir haben Hochleistungsprodukte [&hellip;]","og_url":"https:\/\/www.minini.eu\/de\/anwendungsbereiche\/industriebereiche-und-offentliche-gebaeude\/","og_site_name":"Minini","article_modified_time":"2024-11-04T07:55:44+00:00","og_image":[{"width":2560,"height":1707,"url":"https:\/\/www.minini.eu\/wp-content\/uploads\/2024\/09\/Building-Cleaning01-scaled-e1726836166754.jpg","type":"image\/jpeg"}],"twitter_card":"summary_large_image","twitter_misc":{"Gesch\u00e4tzte Lesezeit":"6\u00a0Minuten"},"schema":{"@context":"https:\/\/schema.org","@graph":[{"@type":"WebPage","@id":"https:\/\/www.minini.eu\/de\/anwendungsbereiche\/industriebereiche-und-offentliche-gebaeude\/","url":"https:\/\/www.minini.eu\/de\/anwendungsbereiche\/industriebereiche-und-offentliche-gebaeude\/","name":"Industriebereiche und \u00d6ffentliche Geb\u00e4ude - Minini","isPartOf":{"@id":"https:\/\/3.74.132.144\/#website"},"datePublished":"2023-10-04T10:48:05+00:00","dateModified":"2024-11-04T07:55:44+00:00","breadcrumb":{"@id":"https:\/\/www.minini.eu\/de\/anwendungsbereiche\/industriebereiche-und-offentliche-gebaeude\/#breadcrumb"},"inLanguage":"de","potentialAction":[{"@type":"ReadAction","target":["https:\/\/www.minini.eu\/de\/anwendungsbereiche\/industriebereiche-und-offentliche-gebaeude\/"]}]},{"@type":"BreadcrumbList","@id":"https:\/\/www.minini.eu\/de\/anwendungsbereiche\/industriebereiche-und-offentliche-gebaeude\/#breadcrumb","itemListElement":[{"@type":"ListItem","position":1,"name":"Home","item":"https:\/\/www.minini.eu\/de\/"},{"@type":"ListItem","position":2,"name":"ANWENDUNGSBEREICHE","item":"https:\/\/www.minini.eu\/de\/anwendungsbereiche\/"},{"@type":"ListItem","position":3,"name":"Industriebereiche und \u00d6ffentliche Geb\u00e4ude"}]},{"@type":"WebSite","@id":"https:\/\/3.74.132.144\/#website","url":"https:\/\/3.74.132.144\/","name":"Minini","description":"Paper flowers","publisher":{"@id":"https:\/\/3.74.132.144\/#organization"},"potentialAction":[{"@type":"SearchAction","target":{"@type":"EntryPoint","urlTemplate":"https:\/\/3.74.132.144\/?s={search_term_string}"},"query-input":"required name=search_term_string"}],"inLanguage":"de"},{"@type":"Organization","@id":"https:\/\/3.74.132.144\/#organization","name":"Minini","url":"https:\/\/3.74.132.144\/","logo":{"@type":"ImageObject","inLanguage":"de","@id":"https:\/\/3.74.132.144\/#\/schema\/logo\/image\/","url":"https:\/\/www.minini.eu\/wp-content\/uploads\/2023\/07\/logo_minini.svg","contentUrl":"https:\/\/www.minini.eu\/wp-content\/uploads\/2023\/07\/logo_minini.svg","width":260,"height":51,"caption":"Minini"},"image":{"@id":"https:\/\/3.74.132.144\/#\/schema\/logo\/image\/"}}]}},"_links":{"self":[{"href":"https:\/\/www.minini.eu\/de\/wp-json\/wp\/v2\/pages\/5835"}],"collection":[{"href":"https:\/\/www.minini.eu\/de\/wp-json\/wp\/v2\/pages"}],"about":[{"href":"https:\/\/www.minini.eu\/de\/wp-json\/wp\/v2\/types\/page"}],"author":[{"embeddable":true,"href":"https:\/\/www.minini.eu\/de\/wp-json\/wp\/v2\/users\/5"}],"replies":[{"embeddable":true,"href":"https:\/\/www.minini.eu\/de\/wp-json\/wp\/v2\/comments?post=5835"}],"version-history":[{"count":55,"href":"https:\/\/www.minini.eu\/de\/wp-json\/wp\/v2\/pages\/5835\/revisions"}],"predecessor-version":[{"id":10764,"href":"https:\/\/www.minini.eu\/de\/wp-json\/wp\/v2\/pages\/5835\/revisions\/10764"}],"up":[{"embeddable":true,"href":"https:\/\/www.minini.eu\/de\/wp-json\/wp\/v2\/pages\/4359"}],"wp:featuredmedia":[{"embeddable":true,"href":"https:\/\/www.minini.eu\/de\/wp-json\/wp\/v2\/media\/6874"}],"wp:attachment":[{"href":"https:\/\/www.minini.eu\/de\/wp-json\/wp\/v2\/media?parent=5835"}],"wp:term":[{"taxonomy":"aree","embeddable":true,"href":"https:\/\/www.minini.eu\/de\/wp-json\/wp\/v2\/aree?post=5835"}],"curies":[{"name":"wp","href":"https:\/\/api.w.org\/{rel}","templated":true}]}}